{"id":3662,"date":"2024-02-29T10:50:17","date_gmt":"2024-02-29T09:50:17","guid":{"rendered":"https:\/\/www.richter-aluminium.com\/automobile\/"},"modified":"2025-09-08T10:45:35","modified_gmt":"2025-09-08T08:45:35","slug":"automobile","status":"publish","type":"page","link":"https:\/\/www.richter-aluminium.com\/fr\/automobile\/","title":{"rendered":"Automobile"},"content":{"rendered":"<p>[et_pb_section fb_built=&#8221;1&#8243; _builder_version=&#8221;4.24.2&#8243; _module_preset=&#8221;default&#8221; custom_margin=&#8221;||||false|false&#8221; global_colors_info=&#8221;{}&#8221;][et_pb_row _builder_version=&#8221;4.24.2&#8243; _module_preset=&#8221;default&#8221; max_width=&#8221;1600px&#8221; global_colors_info=&#8221;{}&#8221;][et_pb_column type=&#8221;4_4&#8243; _builder_version=&#8221;4.24.2&#8243; _module_preset=&#8221;default&#8221; global_colors_info=&#8221;{}&#8221;][et_pb_text _builder_version=&#8221;4.24.2&#8243; _module_preset=&#8221;default&#8221; header_text_color=&#8221;gcid-febf38bc-a54e-4c6e-a664-06eb96b1f360&#8243; custom_margin=&#8221;||0px||false|false&#8221; custom_padding=&#8221;50px||50px||true|false&#8221; custom_padding_tablet=&#8221;&#8221; custom_padding_phone=&#8221;&#8221; custom_padding_last_edited=&#8221;on|tablet&#8221; global_colors_info=&#8221;{%22gcid-febf38bc-a54e-4c6e-a664-06eb96b1f360%22:%91%22header_text_color%22%93}&#8221;]<\/p>\n<h1 style=\"text-align: center;\">Automobile<\/h1>\n<p>[\/et_pb_text][et_pb_code _builder_version=&#8221;4.24.2&#8243; _module_preset=&#8221;default&#8221; background_image=&#8221;https:\/\/richteraluminium-19a5a.kxcdn.com\/wp-content\/uploads\/2024\/05\/kopfmedia_richter-aluminium_automobil-2500px.webp&#8221; min_height=&#8221;500px&#8221; min_height_tablet=&#8221;300px&#8221; min_height_phone=&#8221;300px&#8221; min_height_last_edited=&#8221;on|tablet&#8221; border_radii=&#8221;on|10px|10px|10px|10px&#8221; global_colors_info=&#8221;{}&#8221;][\/et_pb_code][\/et_pb_column][\/et_pb_row][\/et_pb_section][et_pb_section fb_built=&#8221;1&#8243; _builder_version=&#8221;4.27.2&#8243; _module_preset=&#8221;default&#8221; custom_margin=&#8221;0px||||false|false&#8221; hover_enabled=&#8221;0&#8243; global_colors_info=&#8221;{}&#8221; sticky_enabled=&#8221;0&#8243;][et_pb_row column_structure=&#8221;1_2,1_2&#8243; _builder_version=&#8221;4.24.2&#8243; _module_preset=&#8221;default&#8221; max_width=&#8221;1600px&#8221; global_colors_info=&#8221;{}&#8221;][et_pb_column type=&#8221;1_2&#8243; _builder_version=&#8221;4.24.2&#8243; _module_preset=&#8221;default&#8221; global_colors_info=&#8221;{}&#8221;][et_pb_text _builder_version=&#8221;4.24.2&#8243; _module_preset=&#8221;default&#8221; header_2_text_color=&#8221;gcid-febf38bc-a54e-4c6e-a664-06eb96b1f360&#8243; custom_margin=&#8221;||0px||false|false&#8221; global_colors_info=&#8221;{%22gcid-febf38bc-a54e-4c6e-a664-06eb96b1f360%22:%91%22header_2_text_color%22%93}&#8221;]<\/p>\n<h2>Notre service sp\u00e9cial <br \/>pour les fabricants et les fournisseurs <br \/>de l&#8217;industrie automobile<\/h2>\n<p>[\/et_pb_text][\/et_pb_column][et_pb_column type=&#8221;1_2&#8243; _builder_version=&#8221;4.24.2&#8243; _module_preset=&#8221;default&#8221; global_colors_info=&#8221;{}&#8221;][et_pb_code _builder_version=&#8221;4.27.2&#8243; _module_preset=&#8221;default&#8221; custom_margin=&#8221;||||false|false&#8221; hover_enabled=&#8221;0&#8243; global_colors_info=&#8221;{}&#8221; sticky_enabled=&#8221;0&#8243;]<\/p>\n<div class=\"badge-container\"><!-- [et_pb_line_break_holder] -->      <\/p>\n<div class=\"badge badge-transparent\"><!-- [et_pb_line_break_holder] -->        <span class=\"km-icon-check\"><\/span><!-- [et_pb_line_break_holder] -->        <span>Certification selon IATF 16949:2016<\/span><!-- [et_pb_line_break_holder] -->    <\/div>\n<p><!-- [et_pb_line_break_holder] -->        <\/p>\n<div class=\"badge badge-transparent\"><!-- [et_pb_line_break_holder] -->        <span class=\"km-icon-check\"><\/span><!-- [et_pb_line_break_holder] -->        <span>Six Sigma<\/span><!-- [et_pb_line_break_holder] -->    <\/div>\n<p><!-- [et_pb_line_break_holder] -->          <\/p>\n<div class=\"badge badge-transparent\"><!-- [et_pb_line_break_holder] -->        <span class=\"km-icon-check\"><\/span><!-- [et_pb_line_break_holder] -->        <span>Feuille de route de la durabilit\u00e9 2030<\/span><!-- [et_pb_line_break_holder] -->    <\/div>\n<p><!-- [et_pb_line_break_holder] -->    <\/p>\n<div class=\"badge badge-transparent\"><!-- [et_pb_line_break_holder] -->        <span class=\"km-icon-check\"><\/span><!-- [et_pb_line_break_holder] -->        <span>Assurance qualit\u00e9 sans faille<\/span><!-- [et_pb_line_break_holder] -->    <\/div>\n<p><!-- [et_pb_line_break_holder] -->      <\/p>\n<div class=\"badge badge-transparent\"><!-- [et_pb_line_break_holder] -->        <span class=\"km-icon-check\"><\/span><!-- [et_pb_line_break_holder] -->        <span>Large gamme de profil\u00e9s standard<\/span><!-- [et_pb_line_break_holder] -->    <\/div>\n<p><!-- [et_pb_line_break_holder] -->    <\/p>\n<div class=\"badge badge-transparent\"><!-- [et_pb_line_break_holder] -->        <span class=\"km-icon-check\"><\/span><!-- [et_pb_line_break_holder] -->        <span>Livraison rapide de grandes quantit\u00e9s<\/span><!-- [et_pb_line_break_holder] -->    <\/div>\n<p><!-- [et_pb_line_break_holder] --><!-- [et_pb_line_break_holder] --><\/div>\n<p><!-- [et_pb_line_break_holder] -->[\/et_pb_code][\/et_pb_column][\/et_pb_row][\/et_pb_section][et_pb_section fb_built=&#8221;1&#8243; _builder_version=&#8221;4.24.0&#8243; _module_preset=&#8221;default&#8221; global_colors_info=&#8221;{}&#8221;][et_pb_row column_structure=&#8221;1_2,1_2&#8243; _builder_version=&#8221;4.24.2&#8243; _module_preset=&#8221;default&#8221; background_color=&#8221;gcid-febf38bc-a54e-4c6e-a664-06eb96b1f360&#8243; max_width=&#8221;1600px&#8221; custom_padding=&#8221;100px|50px|100px|50px|true|true&#8221; border_radii=&#8221;on|10px|10px|10px|10px&#8221; global_colors_info=&#8221;{%22gcid-febf38bc-a54e-4c6e-a664-06eb96b1f360%22:%91%22background_color%22%93}&#8221;][et_pb_column type=&#8221;1_2&#8243; _builder_version=&#8221;4.24.0&#8243; _module_preset=&#8221;default&#8221; custom_css_main_element=&#8221;margin:auto;&#8221; global_colors_info=&#8221;{}&#8221;][et_pb_text _builder_version=&#8221;4.24.2&#8243; _module_preset=&#8221;default&#8221; header_2_text_color=&#8221;#FFFFFF&#8221; custom_margin=&#8221;||20px||false|false&#8221; global_colors_info=&#8221;{}&#8221;]<\/p>\n<h2>Du profil\u00e9 \u00e0 la solution<br \/>\nsp\u00e9cifique au client<\/h2>\n<p>[\/et_pb_text][et_pb_text _builder_version=&#8221;4.24.2&#8243; _module_preset=&#8221;default&#8221; header_3_text_color=&#8221;#FFFFFF&#8221; custom_margin_tablet=&#8221;||30px||false|false&#8221; custom_margin_phone=&#8221;&#8221; custom_margin_last_edited=&#8221;on|tablet&#8221; global_colors_info=&#8221;{}&#8221;]<\/p>\n<h3 class=\"km-icon-richter-aluminium-logo-mono\"><\/h3>\n<p>[\/et_pb_text][\/et_pb_column][et_pb_column type=&#8221;1_2&#8243; _builder_version=&#8221;4.24.0&#8243; _module_preset=&#8221;default&#8221; custom_css_main_element=&#8221;margin:auto;&#8221; global_colors_info=&#8221;{}&#8221;][et_pb_text _builder_version=&#8221;4.24.2&#8243; _module_preset=&#8221;default&#8221; text_text_color=&#8221;#FFFFFF&#8221; global_colors_info=&#8221;{}&#8221;]<\/p>\n<p>L&#8217;aluminium est d\u00e9sormais l&#8217;un des mat\u00e9riaux les plus importants dans la fabrication automobile. L&#8217;aptitude particuli\u00e8re \u00e0 la construction l\u00e9g\u00e8re a fait litt\u00e9ralement exploser la demande de t\u00f4les, de pi\u00e8ces moul\u00e9es, de profil\u00e9s extrud\u00e9s et de constructions forg\u00e9es en aluminium ces derni\u00e8res ann\u00e9es \u2013 et la tendance est encore fortement \u00e0 la hausse. <\/p>\n<p>[\/et_pb_text][et_pb_text _builder_version=&#8221;4.24.2&#8243; _module_preset=&#8221;default&#8221; header_4_text_color=&#8221;gcid-c117c272-7899-4ce8-a659-2cda18adc83a&#8221; custom_css_free_form=&#8221;.logo-flex-row{||  display:flex;||  gap:20px;||  flex-wrap:wrap;|| justify-content:center;||  margin: 20px 0;||}&#8221; locked=&#8221;off&#8221; global_colors_info=&#8221;{%22gcid-c117c272-7899-4ce8-a659-2cda18adc83a%22:%91%22header_4_text_color%22%93}&#8221;]<\/p>\n<p style=\"text-align: left;\">\n  <a href=\"https:\/\/www.richter-aluminium.com\/kontakt\/\" class=\"arrow-link\" style=\"color: #FFFFFF;\">Demander maintenant<\/a>\n<\/p>\n<p>[\/et_pb_text][\/et_pb_column][\/et_pb_row][\/et_pb_section][et_pb_section fb_built=&#8221;1&#8243; _builder_version=&#8221;4.27.2&#8243; _module_preset=&#8221;default&#8221; custom_margin=&#8221;0px||||false|false&#8221; hover_enabled=&#8221;0&#8243; global_colors_info=&#8221;{}&#8221; sticky_enabled=&#8221;0&#8243; custom_padding=&#8221;0px||40px||false|false&#8221;][et_pb_row _builder_version=&#8221;4.24.2&#8243; _module_preset=&#8221;default&#8221; max_width=&#8221;1600px&#8221; global_colors_info=&#8221;{}&#8221;][et_pb_column type=&#8221;4_4&#8243; _builder_version=&#8221;4.24.2&#8243; _module_preset=&#8221;default&#8221; global_colors_info=&#8221;{}&#8221;][et_pb_text _builder_version=&#8221;4.24.2&#8243; _module_preset=&#8221;default&#8221; header_2_text_color=&#8221;gcid-febf38bc-a54e-4c6e-a664-06eb96b1f360&#8243; custom_margin=&#8221;||0px||false|false&#8221; global_colors_info=&#8221;{%22gcid-febf38bc-a54e-4c6e-a664-06eb96b1f360%22:%91%22header_2_text_color%22%93}&#8221;]<\/p>\n<h2 style=\"text-align: center;\">Possibilit\u00e9s de fabrication de profil\u00e9s en aluminium <br \/>pour l&#8217;industrie automobile<\/h2>\n<p>[\/et_pb_text][\/et_pb_column][\/et_pb_row][et_pb_row _builder_version=&#8221;4.24.2&#8243; _module_preset=&#8221;default&#8221; max_width=&#8221;1600px&#8221; global_colors_info=&#8221;{}&#8221;][et_pb_column type=&#8221;4_4&#8243; _builder_version=&#8221;4.24.2&#8243; _module_preset=&#8221;default&#8221; global_colors_info=&#8221;{}&#8221;][et_pb_accordion module_class=&#8221;richter-aluminium-accordeon&#8221; _builder_version=&#8221;4.27.2&#8243; _module_preset=&#8221;default&#8221; hover_enabled=&#8221;0&#8243; global_colors_info=&#8221;{}&#8221; sticky_enabled=&#8221;0&#8243;][et_pb_accordion_item title=&#8221;Ext\u00e9rieur&#8221; open=&#8221;on&#8221; _builder_version=&#8221;4.24.2&#8243; _module_preset=&#8221;default&#8221; global_colors_info=&#8221;{}&#8221;]<\/p>\n<div class=\"badge-container\">\n<div class=\"badge badge-transparent\"><span class=\"km-icon-check\"><\/span>Profil\u00e9s de toit ouvrant<\/div>\n<div class=\"badge badge-transparent\"><span class=\"km-icon-check\"><\/span>Barres de toit<\/div>\n<div class=\"badge badge-transparent\"><span class=\"km-icon-check\"><\/span>Cadres de fen\u00eatres<\/div>\n<div class=\"badge badge-transparent\"><span class=\"km-icon-check\"><\/span>Poign\u00e9e de porte<\/div>\n<div class=\"badge badge-transparent\"><span class=\"km-icon-check\"><\/span>Calandre<\/div>\n<\/div>\n<p>[\/et_pb_accordion_item][et_pb_accordion_item title=&#8221;Int\u00e9rieur&#8221; _builder_version=&#8221;4.24.2&#8243; _module_preset=&#8221;default&#8221; global_colors_info=&#8221;{}&#8221; open=&#8221;off&#8221;]<\/p>\n<div class=\"badge-container\">\n<div class=\"badge badge-transparent\"><span class=\"km-icon-check\"><\/span>Rail de si\u00e8ge<\/div>\n<div class=\"badge badge-transparent\"><span class=\"km-icon-check\"><\/span>L\u00e8ve-vitre<\/div>\n<div class=\"badge badge-transparent\"><span class=\"km-icon-check\"><\/span>Seuil de porte<\/div>\n<div class=\"badge badge-transparent\"><span class=\"km-icon-check\"><\/span>Seuil de porte<\/div>\n<\/div>\n<p>[\/et_pb_accordion_item][et_pb_accordion_item title=&#8221;Syst\u00e8mes \u00e9nerg\u00e9tiques&#8221; _builder_version=&#8221;4.27.2&#8243; _module_preset=&#8221;default&#8221; hover_enabled=&#8221;0&#8243; global_colors_info=&#8221;{}&#8221; open=&#8221;off&#8221; sticky_enabled=&#8221;0&#8243;]<\/p>\n<div class=\"badge-container\">\n<div class=\"badge badge-transparent\"><span class=\"km-icon-check\"><\/span>R\u00e9partition du carburant<\/div>\n<div class=\"badge badge-transparent\"><span class=\"km-icon-check\"><\/span>Bo\u00eetier de batterie<\/div>\n<div class=\"badge badge-transparent\"><span class=\"km-icon-check\"><\/span>Composant pour syst\u00e8mes de chauffage<\/div>\n<div class=\"badge badge-transparent\"><span class=\"km-icon-check\"><\/span>Composant pour syst\u00e8mes de refroidissement<\/div>\n<\/div>\n<p>[\/et_pb_accordion_item][\/et_pb_accordion][\/et_pb_column][\/et_pb_row][\/et_pb_section][et_pb_section fb_built=&#8221;1&#8243; _builder_version=&#8221;4.27.2&#8243; _module_preset=&#8221;default&#8221; custom_margin=&#8221;0px||||false|false&#8221; global_module=&#8221;1768&#8243; saved_tabs=&#8221;all&#8221; global_colors_info=&#8221;{}&#8221;][et_pb_row _builder_version=&#8221;4.24.2&#8243; _module_preset=&#8221;default&#8221; max_width=&#8221;1600px&#8221; global_colors_info=&#8221;{}&#8221;][et_pb_column type=&#8221;4_4&#8243; _builder_version=&#8221;4.24.2&#8243; _module_preset=&#8221;default&#8221; global_colors_info=&#8221;{}&#8221;][et_pb_text _builder_version=&#8221;4.24.2&#8243; _module_preset=&#8221;default&#8221; header_2_text_color=&#8221;gcid-febf38bc-a54e-4c6e-a664-06eb96b1f360&#8243; custom_margin=&#8221;||||false|false&#8221; global_colors_info=&#8221;{%22gcid-febf38bc-a54e-4c6e-a664-06eb96b1f360%22:%91%22header_2_text_color%22%93}&#8221;]<\/p>\n<h2 style=\"text-align: center;\">Vous avez des questions&nbsp;? <br \/>N&#8217;h\u00e9sitez pas \u00e0 nous contacter.<\/h2>\n<p>[\/et_pb_text][et_pb_text _builder_version=&#8221;4.24.2&#8243; _module_preset=&#8221;default&#8221; header_4_text_color=&#8221;gcid-c117c272-7899-4ce8-a659-2cda18adc83a&#8221; custom_css_free_form=&#8221;.logo-flex-row{||  display:flex;||  gap:20px;||  flex-wrap:wrap;|| justify-content:center;||  margin: 20px 0;||}&#8221; global_colors_info=&#8221;{%22gcid-c117c272-7899-4ce8-a659-2cda18adc83a%22:%91%22header_4_text_color%22%93}&#8221;]<\/p>\n<p style=\"text-align: center;\"><a href=\"https:\/\/www.richter-aluminium.com\/kontakt\/\" class=\"arrow-link\">Vers le contact<\/a><\/p>\n<p>[\/et_pb_text][\/et_pb_column][\/et_pb_row][\/et_pb_section]<\/p>\n","protected":false},"excerpt":{"rendered":"<p>AutomobileNotre service sp\u00e9cial pour les fabricants et les fournisseurs de l&#8217;industrie automobileDu profil\u00e9 \u00e0 la solution sp\u00e9cifique au clientL&#8217;aluminium est d\u00e9sormais l&#8217;un des mat\u00e9riaux les plus importants dans la fabrication automobile. L&#8217;aptitude particuli\u00e8re \u00e0 la construction l\u00e9g\u00e8re a fait litt\u00e9ralement exploser la demande de t\u00f4les, de pi\u00e8ces moul\u00e9es, de profil\u00e9s extrud\u00e9s et de constructions forg\u00e9es [&hellip;]<\/p>\n","protected":false},"author":1,"featured_media":2294,"parent":0,"menu_order":0,"comment_status":"closed","ping_status":"closed","template":"","meta":{"_acf_changed":false,"_et_pb_use_builder":"on","_et_pb_old_content":"","_et_gb_content_width":"","inline_featured_image":false,"footnotes":""},"class_list":["post-3662","page","type-page","status-publish","has-post-thumbnail","hentry"],"acf":[],"tag_names":[],"category_names":[],"thumbnail":"https:\/\/richteraluminium-19a5a.kxcdn.com\/wp-content\/uploads\/2024\/05\/kopfmedia_richter-aluminium_automobil-2500px.webp","_links":{"self":[{"href":"https:\/\/www.richter-aluminium.com\/fr\/wp-json\/wp\/v2\/pages\/3662","targetHints":{"allow":["GET"]}}],"collection":[{"href":"https:\/\/www.richter-aluminium.com\/fr\/wp-json\/wp\/v2\/pages"}],"about":[{"href":"https:\/\/www.richter-aluminium.com\/fr\/wp-json\/wp\/v2\/types\/page"}],"author":[{"embeddable":true,"href":"https:\/\/www.richter-aluminium.com\/fr\/wp-json\/wp\/v2\/users\/1"}],"replies":[{"embeddable":true,"href":"https:\/\/www.richter-aluminium.com\/fr\/wp-json\/wp\/v2\/comments?post=3662"}],"version-history":[{"count":2,"href":"https:\/\/www.richter-aluminium.com\/fr\/wp-json\/wp\/v2\/pages\/3662\/revisions"}],"predecessor-version":[{"id":3664,"href":"https:\/\/www.richter-aluminium.com\/fr\/wp-json\/wp\/v2\/pages\/3662\/revisions\/3664"}],"wp:featuredmedia":[{"embeddable":true,"href":"https:\/\/www.richter-aluminium.com\/fr\/wp-json\/wp\/v2\/media\/2294"}],"wp:attachment":[{"href":"https:\/\/www.richter-aluminium.com\/fr\/wp-json\/wp\/v2\/media?parent=3662"}],"curies":[{"name":"wp","href":"https:\/\/api.w.org\/{rel}","templated":true}]}}