{"id":3665,"date":"2024-02-29T10:50:17","date_gmt":"2024-02-29T09:50:17","guid":{"rendered":"https:\/\/www.richter-aluminium.com\/conseil-et-conception\/"},"modified":"2025-09-08T10:52:01","modified_gmt":"2025-09-08T08:52:01","slug":"conseil-et-conception","status":"publish","type":"page","link":"https:\/\/www.richter-aluminium.com\/fr\/conseil-et-conception\/","title":{"rendered":"Conseil et conception"},"content":{"rendered":"<p>[et_pb_section fb_built=&#8221;1&#8243; _builder_version=&#8221;4.24.2&#8243; _module_preset=&#8221;default&#8221; custom_margin=&#8221;||||false|false&#8221; global_colors_info=&#8221;{}&#8221;][et_pb_row _builder_version=&#8221;4.24.2&#8243; _module_preset=&#8221;default&#8221; max_width=&#8221;1600px&#8221; global_colors_info=&#8221;{}&#8221;][et_pb_column type=&#8221;4_4&#8243; _builder_version=&#8221;4.24.2&#8243; _module_preset=&#8221;default&#8221; global_colors_info=&#8221;{}&#8221;][et_pb_text _builder_version=&#8221;4.24.2&#8243; _module_preset=&#8221;default&#8221; header_text_color=&#8221;gcid-febf38bc-a54e-4c6e-a664-06eb96b1f360&#8243; custom_margin=&#8221;||0px||false|false&#8221; custom_padding=&#8221;50px||50px||true|false&#8221; custom_padding_tablet=&#8221;50px||50px||true|false&#8221; custom_padding_phone=&#8221;50px||50px||true|false&#8221; custom_padding_last_edited=&#8221;on|tablet&#8221; global_colors_info=&#8221;{%22gcid-febf38bc-a54e-4c6e-a664-06eb96b1f360%22:%91%22header_text_color%22%93}&#8221;]<\/p>\n<h1 style=\"text-align: center\">Conseil et conception<\/h1>\n<p>[\/et_pb_text][et_pb_code _builder_version=&#8221;4.24.2&#8243; _module_preset=&#8221;default&#8221; background_image=&#8221;https:\/\/richteraluminium-19a5a.kxcdn.com\/wp-content\/uploads\/2024\/05\/kopfmedia_richter-aluminium_besprechungsbilder-9263.webp&#8221; min_height=&#8221;500px&#8221; min_height_tablet=&#8221;300px&#8221; min_height_phone=&#8221;300px&#8221; min_height_last_edited=&#8221;on|tablet&#8221; border_radii=&#8221;on|10px|10px|10px|10px&#8221; global_colors_info=&#8221;{}&#8221;][\/et_pb_code][\/et_pb_column][\/et_pb_row][\/et_pb_section][et_pb_section fb_built=&#8221;1&#8243; _builder_version=&#8221;4.27.2&#8243; _module_preset=&#8221;default&#8221; custom_margin=&#8221;0px||||false|false&#8221; custom_padding=&#8221;0px||0px||true|false&#8221; global_colors_info=&#8221;{}&#8221;][et_pb_row column_structure=&#8221;1_2,1_2&#8243; _builder_version=&#8221;4.24.2&#8243; _module_preset=&#8221;default&#8221; max_width=&#8221;1600px&#8221; global_colors_info=&#8221;{}&#8221;][et_pb_column type=&#8221;1_2&#8243; _builder_version=&#8221;4.24.2&#8243; _module_preset=&#8221;default&#8221; global_colors_info=&#8221;{}&#8221;][et_pb_text _builder_version=&#8221;4.24.2&#8243; _module_preset=&#8221;default&#8221; header_2_text_color=&#8221;gcid-febf38bc-a54e-4c6e-a664-06eb96b1f360&#8243; custom_margin=&#8221;||0px||false|false&#8221; global_colors_info=&#8221;{%22gcid-febf38bc-a54e-4c6e-a664-06eb96b1f360%22:%91%22header_2_text_color%22%93}&#8221;]<\/p>\n<h2>Services complets&nbsp;: du d\u00e9veloppement de profil\u00e9s \u00e0 l\u2019emballage<\/h2>\n<p>[\/et_pb_text][\/et_pb_column][et_pb_column type=&#8221;1_2&#8243; _builder_version=&#8221;4.24.2&#8243; _module_preset=&#8221;default&#8221; global_colors_info=&#8221;{}&#8221;][et_pb_text _builder_version=&#8221;4.24.2&#8243; _module_preset=&#8221;default&#8221; global_colors_info=&#8221;{}&#8221;]<\/p>\n<p>Notre expertise chez Richter Aluminium englobe tous les aspects du d\u00e9veloppement et de la fabrication de profil\u00e9s. Nous proposons des conceptions de profil\u00e9s&nbsp;3D-CAD tr\u00e8s \u00e9labor\u00e9es, des conseils personnalis\u00e9s sur le traitement de surface et des instructions d\u00e9taill\u00e9es sur les m\u00e9thodes de transformation efficaces. De plus, nous vous assistons dans la planification du montage, mettons \u00e0 disposition les outils n\u00e9cessaires et vous conseillons de mani\u00e8re exhaustive sur l\u2019emballage et la confection optimaux de vos produits en aluminium.  <\/p>\n<p>[\/et_pb_text][\/et_pb_column][\/et_pb_row][et_pb_row _builder_version=&#8221;4.24.2&#8243; _module_preset=&#8221;default&#8221; max_width=&#8221;1600px&#8221; global_colors_info=&#8221;{}&#8221;][et_pb_column type=&#8221;4_4&#8243; _builder_version=&#8221;4.24.2&#8243; _module_preset=&#8221;default&#8221; global_colors_info=&#8221;{}&#8221;][et_pb_code _builder_version=&#8221;4.27.2&#8243; _module_preset=&#8221;default&#8221; custom_margin=&#8221;||||false|false&#8221; global_colors_info=&#8221;{}&#8221;]<\/p>\n<div class=\"badge-container\"><!-- [et_pb_line_break_holder] -->  <\/p>\n<div class=\"badge-container\" style=\"justify-content:center\"> <!-- [et_pb_line_break_holder] --><!-- [et_pb_line_break_holder] --><!-- [et_pb_line_break_holder] -->  <!-- [et_pb_line_break_holder] -->    <\/p>\n<div class=\"badge badge-transparent\"><!-- [et_pb_line_break_holder] -->        <span class=\"km-icon-layers\"><\/span><!-- [et_pb_line_break_holder] -->        <span>D\u00e9veloppement de profil\u00e9s sur des syst\u00e8mes&nbsp;3D-CAD<\/span><!-- [et_pb_line_break_holder] -->    <\/div>\n<p><!-- [et_pb_line_break_holder] -->    <\/p>\n<div class=\"badge badge-transparent\"><!-- [et_pb_line_break_holder] -->        <span class=\"km-icon-comment\"><\/span><!-- [et_pb_line_break_holder] -->        <span>Conseil sur le traitement de surface<\/span><!-- [et_pb_line_break_holder] -->    <\/div>\n<p><!-- [et_pb_line_break_holder] -->    <\/p>\n<div class=\"badge badge-transparent\"><!-- [et_pb_line_break_holder] -->        <span class=\"km-icon-comment\"><\/span><!-- [et_pb_line_break_holder] -->        <span>Conseil sur les m\u00e9thodes de transformation<\/span><!-- [et_pb_line_break_holder] -->    <\/div>\n<p><!-- [et_pb_line_break_holder] -->    <\/p>\n<div class=\"badge badge-transparent\"><!-- [et_pb_line_break_holder] -->        <span class=\"km-icon-comment\"><\/span><!-- [et_pb_line_break_holder] -->        <span>Conseil sur le montage et la s\u00e9lection des outils<\/span><!-- [et_pb_line_break_holder] -->    <\/div>\n<p><!-- [et_pb_line_break_holder] -->    <\/p>\n<div class=\"badge badge-transparent\"><!-- [et_pb_line_break_holder] -->        <span class=\"km-icon-comment\"><\/span><!-- [et_pb_line_break_holder] -->        <span>Conseil sur l\u2019emballage et la confection<\/span><!-- [et_pb_line_break_holder] -->    <\/div>\n<p><!-- [et_pb_line_break_holder] --><\/div>\n<p><!-- [et_pb_line_break_holder] -->[\/et_pb_code][\/et_pb_column][\/et_pb_row][\/et_pb_section][et_pb_section fb_built=&#8221;1&#8243; _builder_version=&#8221;4.24.0&#8243; _module_preset=&#8221;default&#8221; global_colors_info=&#8221;{}&#8221;][et_pb_row column_structure=&#8221;1_2,1_2&#8243; _builder_version=&#8221;4.24.2&#8243; _module_preset=&#8221;default&#8221; background_color=&#8221;gcid-febf38bc-a54e-4c6e-a664-06eb96b1f360&#8243; max_width=&#8221;1600px&#8221; custom_padding=&#8221;100px|50px|100px|50px|true|true&#8221; border_radii=&#8221;on|10px|10px|10px|10px&#8221; global_colors_info=&#8221;{%22gcid-febf38bc-a54e-4c6e-a664-06eb96b1f360%22:%91%22background_color%22%93}&#8221;][et_pb_column type=&#8221;1_2&#8243; _builder_version=&#8221;4.24.0&#8243; _module_preset=&#8221;default&#8221; custom_css_main_element=&#8221;margin:auto;&#8221; global_colors_info=&#8221;{}&#8221;][et_pb_text _builder_version=&#8221;4.24.2&#8243; _module_preset=&#8221;default&#8221; header_2_text_color=&#8221;#FFFFFF&#8221; custom_margin=&#8221;||20px||false|false&#8221; global_colors_info=&#8221;{}&#8221;]<\/p>\n<h2>Solutions d\u2019experts en construction de profil\u00e9s en aluminium<\/h2>\n<p>[\/et_pb_text][et_pb_text _builder_version=&#8221;4.24.2&#8243; _module_preset=&#8221;default&#8221; header_3_text_color=&#8221;#FFFFFF&#8221; custom_margin_tablet=&#8221;||30px||false|false&#8221; custom_margin_phone=&#8221;&#8221; custom_margin_last_edited=&#8221;on|tablet&#8221; global_colors_info=&#8221;{}&#8221;]<\/p>\n<h3 class=\"km-icon-richter-aluminium-logo-mono\"><\/h3>\n<p>[\/et_pb_text][\/et_pb_column][et_pb_column type=&#8221;1_2&#8243; _builder_version=&#8221;4.24.0&#8243; _module_preset=&#8221;default&#8221; custom_css_main_element=&#8221;margin:auto;&#8221; global_colors_info=&#8221;{}&#8221;][et_pb_text _builder_version=&#8221;4.27.2&#8243; _module_preset=&#8221;default&#8221; text_text_color=&#8221;#FFFFFF&#8221; global_colors_info=&#8221;{}&#8221;]<\/p>\n<p>Vos besoins sont au centre de nos pr\u00e9occupations en mati\u00e8re de conseil et de conception. Nos experts proposent des solutions sur mesure pour r\u00e9pondre \u00e0 vos exigences sp\u00e9cifiques en mati\u00e8re de profil\u00e9s en aluminium. En combinant expertise technique et ing\u00e9nierie cr\u00e9ative, nous garantissons le d\u00e9veloppement de profil\u00e9s en aluminium de haute qualit\u00e9, pr\u00e9cis et efficaces pour chaque application.  <\/p>\n<p>[\/et_pb_text][et_pb_text _builder_version=&#8221;4.27.2&#8243; _module_preset=&#8221;default&#8221; header_4_text_color=&#8221;gcid-c117c272-7899-4ce8-a659-2cda18adc83a&#8221; custom_css_free_form=&#8221;.logo-flex-row{||  display:flex;||  gap:20px;||  flex-wrap:wrap;|| justify-content:center;||  margin: 20px 0;||}&#8221; locked=&#8221;off&#8221; global_colors_info=&#8221;{%22gcid-c117c272-7899-4ce8-a659-2cda18adc83a%22:%91%22header_4_text_color%22%93}&#8221;]<\/p>\n<p style=\"text-align: left\">\n<a href=\"https:\/\/www.richter-aluminium.com\/fr\/contact\/\" class=\"arrow-link ra-navigation-link white-bg\"><br \/>\n<span>Demander maintenant<\/span><br \/>\n   <span class=\"km-icon-arrow-small-right\"><\/span><br \/>\n<\/a>\n<\/p>\n<p>[\/et_pb_text][\/et_pb_column][\/et_pb_row][\/et_pb_section][et_pb_section fb_built=&#8221;1&#8243; _builder_version=&#8221;4.27.2&#8243; _module_preset=&#8221;default&#8221; custom_margin=&#8221;0px||||false|false&#8221; custom_padding=&#8221;0px||0px||true|false&#8221; global_colors_info=&#8221;{}&#8221;][et_pb_row column_structure=&#8221;1_2,1_2&#8243; _builder_version=&#8221;4.24.2&#8243; _module_preset=&#8221;default&#8221; max_width=&#8221;1600px&#8221; global_colors_info=&#8221;{}&#8221;][et_pb_column type=&#8221;1_2&#8243; _builder_version=&#8221;4.24.2&#8243; _module_preset=&#8221;default&#8221; global_colors_info=&#8221;{}&#8221;][et_pb_text _builder_version=&#8221;4.24.2&#8243; _module_preset=&#8221;default&#8221; header_2_text_color=&#8221;gcid-febf38bc-a54e-4c6e-a664-06eb96b1f360&#8243; custom_margin=&#8221;||0px||false|false&#8221; global_colors_info=&#8221;{%22gcid-febf38bc-a54e-4c6e-a664-06eb96b1f360%22:%91%22header_2_text_color%22%93}&#8221;]<\/p>\n<h2>Formations compl\u00e8tes sur le mat\u00e9riau aluminium<\/h2>\n<p>[\/et_pb_text][\/et_pb_column][et_pb_column type=&#8221;1_2&#8243; _builder_version=&#8221;4.24.2&#8243; _module_preset=&#8221;default&#8221; global_colors_info=&#8221;{}&#8221;][et_pb_text _builder_version=&#8221;4.27.2&#8243; _module_preset=&#8221;default&#8221; global_colors_info=&#8221;{}&#8221;]<\/p>\n<p>Nous proposons des formations de base sp\u00e9cialis\u00e9es, id\u00e9ales pour les clients et les employ\u00e9s des entreprises qui souhaitent approfondir leurs connaissances sur l\u2019aluminium. Ces formations couvrent tous les aspects essentiels du mat\u00e9riau et sont particuli\u00e8rement utiles pour les personnes qui n\u2019ont jusqu\u2019\u00e0 pr\u00e9sent qu\u2019une exp\u00e9rience limit\u00e9e de l\u2019aluminium. Nos formateurs exp\u00e9riment\u00e9s se concentrent sur des th\u00e8mes cl\u00e9s tels que la m\u00e9tallurgie, les tol\u00e9rances selon la norme&nbsp;DIN, les proc\u00e9d\u00e9s d\u2019extrusion, la conception de profil\u00e9s et les particularit\u00e9s sp\u00e9cifiques \u00e0 l\u2019application. Gr\u00e2ce \u00e0 ces formations, les participants acqui\u00e8rent une compr\u00e9hension approfondie du mat\u00e9riau et apprennent \u00e0 l\u2019utiliser efficacement dans diff\u00e9rentes applications.   <\/p>\n<p>[\/et_pb_text][\/et_pb_column][\/et_pb_row][et_pb_row _builder_version=&#8221;4.27.2&#8243; _module_preset=&#8221;default&#8221; max_width=&#8221;1600px&#8221; custom_margin=&#8221;||||false|false&#8221; custom_padding=&#8221;||0px||false|false&#8221; global_colors_info=&#8221;{}&#8221;][et_pb_column type=&#8221;4_4&#8243; _builder_version=&#8221;4.24.2&#8243; _module_preset=&#8221;default&#8221; global_colors_info=&#8221;{}&#8221;][et_pb_code _builder_version=&#8221;4.27.2&#8243; _module_preset=&#8221;default&#8221; custom_margin=&#8221;||||false|false&#8221; global_colors_info=&#8221;{}&#8221;]<\/p>\n<div class=\"badge-container\"><!-- [et_pb_line_break_holder] -->  <\/p>\n<div class=\"badge-container\" style=\"justify-content:center\"> <!-- [et_pb_line_break_holder] -->    <\/p>\n<div class=\"badge badge-transparent\"><!-- [et_pb_line_break_holder] -->        <span class=\"km-icon-layers\"><\/span><!-- [et_pb_line_break_holder] -->        <span>Principes fondamentaux de la m\u00e9tallurgie<\/span><!-- [et_pb_line_break_holder] -->    <\/div>\n<p><!-- [et_pb_line_break_holder] -->    <\/p>\n<div class=\"badge badge-transparent\"><!-- [et_pb_line_break_holder] -->        <span class=\"km-icon-layers\"><\/span><!-- [et_pb_line_break_holder] -->        <span>Tol\u00e9rances selon la norme&nbsp;DIN<\/span><!-- [et_pb_line_break_holder] -->    <\/div>\n<p><!-- [et_pb_line_break_holder] -->    <\/p>\n<div class=\"badge badge-transparent\"><!-- [et_pb_line_break_holder] -->        <span class=\"km-icon-layers\"><\/span><!-- [et_pb_line_break_holder] -->        <span>Techniques d\u2019extrusion<\/span><!-- [et_pb_line_break_holder] -->    <\/div>\n<p><!-- [et_pb_line_break_holder] -->    <\/p>\n<div class=\"badge badge-transparent\"><!-- [et_pb_line_break_holder] -->        <span class=\"km-icon-layers\"><\/span><!-- [et_pb_line_break_holder] -->        <span>Techniques d\u2019extrusion<\/span><!-- [et_pb_line_break_holder] -->    <\/div>\n<p><!-- [et_pb_line_break_holder] -->    <\/p>\n<div class=\"badge badge-transparent\"><!-- [et_pb_line_break_holder] -->        <span class=\"km-icon-layers\"><\/span><!-- [et_pb_line_break_holder] -->        <span>Propri\u00e9t\u00e9s sp\u00e9cifiques \u00e0 l\u2019application<\/span><!-- [et_pb_line_break_holder] -->    <\/div>\n<p><!-- [et_pb_line_break_holder] --><\/div>\n<p><!-- [et_pb_line_break_holder] -->[\/et_pb_code][\/et_pb_column][\/et_pb_row][et_pb_row column_structure=&#8221;1_3,1_3,1_3&#8243; _builder_version=&#8221;4.27.2&#8243; _module_preset=&#8221;default&#8221; max_width=&#8221;1600px&#8221; custom_margin=&#8221;200px||||false|false&#8221; global_colors_info=&#8221;{}&#8221;][et_pb_column type=&#8221;1_3&#8243; _builder_version=&#8221;4.24.2&#8243; _module_preset=&#8221;default&#8221; global_colors_info=&#8221;{}&#8221;][et_pb_image src=&#8221;https:\/\/richteraluminium-19a5a.kxcdn.com\/wp-content\/uploads\/2024\/03\/richter_aluminium-09.webp&#8221; title_text=&#8221;richter_aluminium-09&#8243; module_class=&#8221;pa-image-1-1&#8243; _builder_version=&#8221;4.24.2&#8243; _module_preset=&#8221;default&#8221; border_radii=&#8221;on|10px|10px|10px|10px&#8221; global_colors_info=&#8221;{}&#8221;][\/et_pb_image][\/et_pb_column][et_pb_column type=&#8221;1_3&#8243; _builder_version=&#8221;4.24.2&#8243; _module_preset=&#8221;default&#8221; global_colors_info=&#8221;{}&#8221;][et_pb_image src=&#8221;https:\/\/richteraluminium-19a5a.kxcdn.com\/wp-content\/uploads\/2024\/02\/kopfmedia_richter_alumnium_005.webp&#8221; title_text=&#8221;kopfmedia_richter_alumnium_005&#8243; module_class=&#8221;pa-image-1-1&#8243; _builder_version=&#8221;4.24.2&#8243; _module_preset=&#8221;default&#8221; border_radii=&#8221;on|10px|10px|10px|10px&#8221; global_colors_info=&#8221;{}&#8221;][\/et_pb_image][\/et_pb_column][et_pb_column type=&#8221;1_3&#8243; _builder_version=&#8221;4.24.2&#8243; _module_preset=&#8221;default&#8221; global_colors_info=&#8221;{}&#8221;][et_pb_image src=&#8221;https:\/\/richteraluminium-19a5a.kxcdn.com\/wp-content\/uploads\/2024\/02\/kopfmedia_richter_alumnium_006.webp&#8221; title_text=&#8221;kopfmedia_richter_alumnium_006&#8243; module_class=&#8221;pa-image-1-1&#8243; _builder_version=&#8221;4.24.2&#8243; _module_preset=&#8221;default&#8221; border_radii=&#8221;on|10px|10px|10px|10px&#8221; global_colors_info=&#8221;{}&#8221;][\/et_pb_image][\/et_pb_column][\/et_pb_row][\/et_pb_section][et_pb_section fb_built=&#8221;1&#8243; _builder_version=&#8221;4.27.2&#8243; _module_preset=&#8221;default&#8221; custom_margin=&#8221;0px||||false|false&#8221; global_module=&#8221;1768&#8243; saved_tabs=&#8221;all&#8221; global_colors_info=&#8221;{}&#8221;][et_pb_row _builder_version=&#8221;4.24.2&#8243; _module_preset=&#8221;default&#8221; max_width=&#8221;1600px&#8221; global_colors_info=&#8221;{}&#8221;][et_pb_column type=&#8221;4_4&#8243; _builder_version=&#8221;4.24.2&#8243; _module_preset=&#8221;default&#8221; global_colors_info=&#8221;{}&#8221;][et_pb_text _builder_version=&#8221;4.24.2&#8243; _module_preset=&#8221;default&#8221; header_2_text_color=&#8221;gcid-febf38bc-a54e-4c6e-a664-06eb96b1f360&#8243; custom_margin=&#8221;||||false|false&#8221; global_colors_info=&#8221;{%22gcid-febf38bc-a54e-4c6e-a664-06eb96b1f360%22:%91%22header_2_text_color%22%93}&#8221;]<\/p>\n<h2 style=\"text-align: center\">Vous avez des questions&nbsp;? <br \/>N&#8217;h\u00e9sitez pas \u00e0 nous contacter.<\/h2>\n<p>[\/et_pb_text][et_pb_text _builder_version=&#8221;4.27.2&#8243; _module_preset=&#8221;default&#8221; header_4_text_color=&#8221;gcid-c117c272-7899-4ce8-a659-2cda18adc83a&#8221; hover_enabled=&#8221;0&#8243; custom_css_free_form=&#8221;.logo-flex-row{||  display:flex;||  gap:20px;||  flex-wrap:wrap;|| justify-content:center;||  margin: 20px 0;||}&#8221; global_colors_info=&#8221;{%22gcid-c117c272-7899-4ce8-a659-2cda18adc83a%22:%91%22header_4_text_color%22%93}&#8221; sticky_enabled=&#8221;0&#8243;]<\/p>\n<p style=\"text-align: center\">\n<a href=\"https:\/\/www.richter-aluminium.com\/fr\/contact\/\" class=\"arrow-link ra-navigation-link blue-bg\"><br \/>\n<span>Vers le contact<\/span><br \/>\n<span class=\"km-icon-arrow-small-right\"><\/span><br \/><\/a>\n<\/p>\n<p>[\/et_pb_text][\/et_pb_column][\/et_pb_row][\/et_pb_section]<\/p>\n","protected":false},"excerpt":{"rendered":"<p>Conseil et conceptionServices complets&nbsp;: du d\u00e9veloppement de profil\u00e9s \u00e0 l\u2019emballageNotre expertise chez Richter Aluminium englobe tous les aspects du d\u00e9veloppement et de la fabrication de profil\u00e9s. Nous proposons des conceptions de profil\u00e9s&nbsp;3D-CAD tr\u00e8s \u00e9labor\u00e9es, des conseils personnalis\u00e9s sur le traitement de surface et des instructions d\u00e9taill\u00e9es sur les m\u00e9thodes de transformation efficaces. De plus, nous [&hellip;]<\/p>\n","protected":false},"author":1,"featured_media":2322,"parent":0,"menu_order":0,"comment_status":"closed","ping_status":"closed","template":"","meta":{"_acf_changed":false,"_et_pb_use_builder":"on","_et_pb_old_content":"","_et_gb_content_width":"","inline_featured_image":false,"footnotes":""},"class_list":["post-3665","page","type-page","status-publish","has-post-thumbnail","hentry"],"acf":[],"tag_names":[],"category_names":[],"thumbnail":"https:\/\/richteraluminium-19a5a.kxcdn.com\/wp-content\/uploads\/2024\/05\/kopfmedia_richter-aluminium_besprechungsbilder-9263.webp","_links":{"self":[{"href":"https:\/\/www.richter-aluminium.com\/fr\/wp-json\/wp\/v2\/pages\/3665","targetHints":{"allow":["GET"]}}],"collection":[{"href":"https:\/\/www.richter-aluminium.com\/fr\/wp-json\/wp\/v2\/pages"}],"about":[{"href":"https:\/\/www.richter-aluminium.com\/fr\/wp-json\/wp\/v2\/types\/page"}],"author":[{"embeddable":true,"href":"https:\/\/www.richter-aluminium.com\/fr\/wp-json\/wp\/v2\/users\/1"}],"replies":[{"embeddable":true,"href":"https:\/\/www.richter-aluminium.com\/fr\/wp-json\/wp\/v2\/comments?post=3665"}],"version-history":[{"count":3,"href":"https:\/\/www.richter-aluminium.com\/fr\/wp-json\/wp\/v2\/pages\/3665\/revisions"}],"predecessor-version":[{"id":3713,"href":"https:\/\/www.richter-aluminium.com\/fr\/wp-json\/wp\/v2\/pages\/3665\/revisions\/3713"}],"wp:featuredmedia":[{"embeddable":true,"href":"https:\/\/www.richter-aluminium.com\/fr\/wp-json\/wp\/v2\/media\/2322"}],"wp:attachment":[{"href":"https:\/\/www.richter-aluminium.com\/fr\/wp-json\/wp\/v2\/media?parent=3665"}],"curies":[{"name":"wp","href":"https:\/\/api.w.org\/{rel}","templated":true}]}}