{"id":3689,"date":"2024-03-06T16:58:41","date_gmt":"2024-03-06T15:58:41","guid":{"rendered":"https:\/\/www.richter-aluminium.com\/mentions-legales\/"},"modified":"2025-09-08T10:50:12","modified_gmt":"2025-09-08T08:50:12","slug":"mentions-legales","status":"publish","type":"page","link":"https:\/\/www.richter-aluminium.com\/fr\/mentions-legales\/","title":{"rendered":"Mentions l\u00e9gales"},"content":{"rendered":"<p>[et_pb_section fb_built=&#8221;1&#8243; _builder_version=&#8221;4.24.2&#8243; _module_preset=&#8221;default&#8221; custom_margin=&#8221;||||false|false&#8221; global_colors_info=&#8221;{}&#8221;][et_pb_row _builder_version=&#8221;4.24.2&#8243; _module_preset=&#8221;default&#8221; max_width=&#8221;1600px&#8221; global_colors_info=&#8221;{}&#8221;][et_pb_column type=&#8221;4_4&#8243; _builder_version=&#8221;4.24.2&#8243; _module_preset=&#8221;default&#8221; global_colors_info=&#8221;{}&#8221;][et_pb_text _builder_version=&#8221;4.24.2&#8243; _module_preset=&#8221;default&#8221; header_text_color=&#8221;gcid-febf38bc-a54e-4c6e-a664-06eb96b1f360&#8243; custom_margin=&#8221;||0px||false|false&#8221; custom_padding=&#8221;50px||50px||true|false&#8221; custom_padding_tablet=&#8221;&#8221; custom_padding_phone=&#8221;&#8221; custom_padding_last_edited=&#8221;on|tablet&#8221; global_colors_info=&#8221;{%22gcid-febf38bc-a54e-4c6e-a664-06eb96b1f360%22:%91%22header_text_color%22%93}&#8221;]<\/p>\n<h1 style=\"text-align: center;\">Mentions l\u00e9gales<\/h1>\n<p>[\/et_pb_text][\/et_pb_column][\/et_pb_row][\/et_pb_section][et_pb_section fb_built=&#8221;1&#8243; _builder_version=&#8221;4.24.2&#8243; _module_preset=&#8221;default&#8221; global_colors_info=&#8221;{}&#8221;][et_pb_row _builder_version=&#8221;4.24.2&#8243; _module_preset=&#8221;default&#8221; global_colors_info=&#8221;{}&#8221;][et_pb_column type=&#8221;4_4&#8243; _builder_version=&#8221;4.24.2&#8243; _module_preset=&#8221;default&#8221; global_colors_info=&#8221;{}&#8221;][et_pb_text _builder_version=&#8221;4.27.4&#8243; _module_preset=&#8221;default&#8221; hover_enabled=&#8221;0&#8243; global_colors_info=&#8221;{}&#8221; sticky_enabled=&#8221;0&#8243;]<\/p>\n<h4 style=\"text-align: left;\">INFORMATIONS CONFORM\u00c9MENT AU \u00a7 5 DE LA TMG (LOI ALLEMANDE SUR LES T\u00c9L\u00c9M\u00c9DIAS)<\/h4>\n<p style=\"text-align: left;\">Richter Aluminium GmbH<\/p>\n<p style=\"text-align: left;\">Drei Linden 14<\/p>\n<p style=\"text-align: left;\">77746 Schutterwald<\/p>\n<h4 style=\"text-align: left;\">REPR\u00c9SENT\u00c9 PAR<\/h4>\n<p style=\"text-align: left;\">Tobias Kreutzer<\/p>\n<h4 style=\"text-align: left;\">CONTACT<\/h4>\n<p style=\"text-align: left;\">T\u00e9l\u00e9phone : <a href=\"tel:+49781284160\">+49 781 28416-0<\/a><\/p>\n<p style=\"text-align: left;\">E-mail : <a href=\"mailto:anfrage@richter-aluminium.com\">anfrage@richter-aluminium.com<\/a><\/p>\n<h4 style=\"text-align: left;\">INSCRIPTION AU REGISTRE<\/h4>\n<p style=\"text-align: left;\">  Tribunal d&#8217;enregistrement : Tribunal d&#8217;instance de Fribourg<\/p>\n<p style=\"text-align: left;\">Num\u00e9ro d&#8217;enregistrement : HRB 480170<\/p>\n<h4 style=\"text-align: left;\">NUM\u00c9RO D&#8217;IDENTIFICATION TVA<\/h4>\n<p style=\"text-align: left;\">Num\u00e9ro d&#8217;identification \u00e0 la TVA conform\u00e9ment au \u00a7 27 a de la loi allemande sur la taxe sur le chiffre d&#8217;affaires :<\/p>\n<p style=\"text-align: left;\">DE142580909<\/p>\n<h4 style=\"text-align: left;\">RESPONSABLE DU CONTENU SELON \u00a7 55 ABS. 2 RSTV (TRAIT\u00c9 D&#8217;\u00c9TAT SUR LA RADIODIFFUSION) <\/h4>\n<p style=\"text-align: left;\">Tobias Kreutzer<\/p>\n<h4>D\u00c9VELOPPEMENT WEB<\/h4>\n<p>UI &amp; UX Design, D\u00e9veloppement web par kopfmedia.<\/p>\n<p style=\"text-align: left;\"><a href=\"https:\/\/www.kopfmedia.de\/\" target=\"_blank\" rel=\"noopener\">www.kopfmedia.de<\/a> | <a href=\"mailto:info@kopfmedia.de\">info@kopfmedia.de<\/a><\/p>\n<p>[\/et_pb_text][et_pb_image src=&#8221;https:\/\/richteraluminium-19a5a.kxcdn.com\/wp-content\/uploads\/2024\/03\/logo_kopfmedia-1.svg&#8221; title_text=&#8221;logo_kopfmedia (1)&#8221; _builder_version=&#8221;4.24.2&#8243; _module_preset=&#8221;default&#8221; global_colors_info=&#8221;{}&#8221;][\/et_pb_image][\/et_pb_column][\/et_pb_row][\/et_pb_section]<\/p>\n","protected":false},"excerpt":{"rendered":"<p>Mentions l\u00e9galesINFORMATIONS CONFORM\u00c9MENT AU \u00a7 5 DE LA TMG (LOI ALLEMANDE SUR LES T\u00c9L\u00c9M\u00c9DIAS) Richter Aluminium GmbH Drei Linden 14 77746 Schutterwald REPR\u00c9SENT\u00c9 PAR Tobias Kreutzer CONTACT T\u00e9l\u00e9phone : +49 781 28416-0 E-mail : anfrage@richter-aluminium.com INSCRIPTION AU REGISTRE Tribunal d&#8217;enregistrement : Tribunal d&#8217;instance de Fribourg Num\u00e9ro d&#8217;enregistrement : HRB 480170 NUM\u00c9RO D&#8217;IDENTIFICATION TVA Num\u00e9ro d&#8217;identification [&hellip;]<\/p>\n","protected":false},"author":1,"featured_media":2664,"parent":0,"menu_order":0,"comment_status":"closed","ping_status":"closed","template":"","meta":{"_acf_changed":false,"_et_pb_use_builder":"on","_et_pb_old_content":"","_et_gb_content_width":"","inline_featured_image":false,"footnotes":""},"class_list":["post-3689","page","type-page","status-publish","has-post-thumbnail","hentry"],"acf":[],"tag_names":[],"category_names":[],"thumbnail":"https:\/\/richteraluminium-19a5a.kxcdn.com\/wp-content\/uploads\/2024\/03\/kopfmedia_richter_alumnium_kempf.webp","_links":{"self":[{"href":"https:\/\/www.richter-aluminium.com\/fr\/wp-json\/wp\/v2\/pages\/3689","targetHints":{"allow":["GET"]}}],"collection":[{"href":"https:\/\/www.richter-aluminium.com\/fr\/wp-json\/wp\/v2\/pages"}],"about":[{"href":"https:\/\/www.richter-aluminium.com\/fr\/wp-json\/wp\/v2\/types\/page"}],"author":[{"embeddable":true,"href":"https:\/\/www.richter-aluminium.com\/fr\/wp-json\/wp\/v2\/users\/1"}],"replies":[{"embeddable":true,"href":"https:\/\/www.richter-aluminium.com\/fr\/wp-json\/wp\/v2\/comments?post=3689"}],"version-history":[{"count":2,"href":"https:\/\/www.richter-aluminium.com\/fr\/wp-json\/wp\/v2\/pages\/3689\/revisions"}],"predecessor-version":[{"id":3691,"href":"https:\/\/www.richter-aluminium.com\/fr\/wp-json\/wp\/v2\/pages\/3689\/revisions\/3691"}],"wp:featuredmedia":[{"embeddable":true,"href":"https:\/\/www.richter-aluminium.com\/fr\/wp-json\/wp\/v2\/media\/2664"}],"wp:attachment":[{"href":"https:\/\/www.richter-aluminium.com\/fr\/wp-json\/wp\/v2\/media?parent=3689"}],"curies":[{"name":"wp","href":"https:\/\/api.w.org\/{rel}","templated":true}]}}