{"id":3701,"date":"2024-02-29T10:50:17","date_gmt":"2024-02-29T09:50:17","guid":{"rendered":"https:\/\/www.richter-aluminium.com\/amenagement-interieur-et-mobilier\/"},"modified":"2025-09-08T10:51:22","modified_gmt":"2025-09-08T08:51:22","slug":"amenagement-interieur-et-mobilier","status":"publish","type":"page","link":"https:\/\/www.richter-aluminium.com\/fr\/amenagement-interieur-et-mobilier\/","title":{"rendered":"Am\u00e9nagement int\u00e9rieur et mobilier"},"content":{"rendered":"<p>[et_pb_section fb_built=&#8221;1&#8243; _builder_version=&#8221;4.24.2&#8243; _module_preset=&#8221;default&#8221; custom_margin=&#8221;||||false|false&#8221; global_colors_info=&#8221;{}&#8221;][et_pb_row _builder_version=&#8221;4.24.2&#8243; _module_preset=&#8221;default&#8221; max_width=&#8221;1600px&#8221; global_colors_info=&#8221;{}&#8221;][et_pb_column type=&#8221;4_4&#8243; _builder_version=&#8221;4.24.2&#8243; _module_preset=&#8221;default&#8221; global_colors_info=&#8221;{}&#8221;][et_pb_text _builder_version=&#8221;4.24.2&#8243; _module_preset=&#8221;default&#8221; header_text_color=&#8221;gcid-febf38bc-a54e-4c6e-a664-06eb96b1f360&#8243; custom_margin=&#8221;||0px||false|false&#8221; custom_padding=&#8221;50px||50px||true|false&#8221; custom_padding_tablet=&#8221;&#8221; custom_padding_phone=&#8221;&#8221; custom_padding_last_edited=&#8221;on|tablet&#8221; global_colors_info=&#8221;{%22gcid-febf38bc-a54e-4c6e-a664-06eb96b1f360%22:%91%22header_text_color%22%93}&#8221;]<\/p>\n<h1 style=\"text-align: center\">Am\u00e9nagement int\u00e9rieur et mobilier<\/h1>\n<p>[\/et_pb_text][et_pb_code _builder_version=&#8221;4.24.2&#8243; _module_preset=&#8221;default&#8221; background_image=&#8221;https:\/\/richteraluminium-19a5a.kxcdn.com\/wp-content\/uploads\/2024\/05\/kopfmedia_richter-aluminium_branchen-4.webp&#8221; min_height=&#8221;500px&#8221; min_height_tablet=&#8221;300px&#8221; min_height_phone=&#8221;300px&#8221; min_height_last_edited=&#8221;on|tablet&#8221; border_radii=&#8221;on|10px|10px|10px|10px&#8221; global_colors_info=&#8221;{}&#8221;][\/et_pb_code][\/et_pb_column][\/et_pb_row][\/et_pb_section][et_pb_section fb_built=&#8221;1&#8243; _builder_version=&#8221;4.24.2&#8243; _module_preset=&#8221;default&#8221; custom_margin=&#8221;80px||||false|false&#8221; global_colors_info=&#8221;{}&#8221;][et_pb_row column_structure=&#8221;1_2,1_2&#8243; _builder_version=&#8221;4.24.2&#8243; _module_preset=&#8221;default&#8221; max_width=&#8221;1600px&#8221; global_colors_info=&#8221;{}&#8221;][et_pb_column type=&#8221;1_2&#8243; _builder_version=&#8221;4.24.2&#8243; _module_preset=&#8221;default&#8221; global_colors_info=&#8221;{}&#8221;][et_pb_text _builder_version=&#8221;4.24.2&#8243; _module_preset=&#8221;default&#8221; header_2_text_color=&#8221;gcid-febf38bc-a54e-4c6e-a664-06eb96b1f360&#8243; custom_margin=&#8221;||0px||false|false&#8221; global_colors_info=&#8221;{%22gcid-febf38bc-a54e-4c6e-a664-06eb96b1f360%22:%91%22header_2_text_color%22%93}&#8221;]<\/p>\n<h2>Notre service sp\u00e9cial pour les fabricants et fournisseurs de l&#8217;industrie du meuble<\/h2>\n<p>[\/et_pb_text][\/et_pb_column][et_pb_column type=&#8221;1_2&#8243; _builder_version=&#8221;4.24.2&#8243; _module_preset=&#8221;default&#8221; global_colors_info=&#8221;{}&#8221;][et_pb_code _builder_version=&#8221;4.24.2&#8243; _module_preset=&#8221;default&#8221; custom_margin=&#8221;||||false|false&#8221; global_colors_info=&#8221;{}&#8221;]<\/p>\n<div class=\"badge-container\"><!-- [et_pb_line_break_holder] --><\/p>\n<div class=\"badge badge-transparent\"><span class=\"km-icon-check\"><\/span>Conseil et conception comp\u00e9tents<\/div>\n<p><!-- [et_pb_line_break_holder] --><\/p>\n<div class=\"badge badge-transparent\"><span class=\"km-icon-check\"><\/span>Assurance qualit\u00e9 sans faille<\/div>\n<p><!-- [et_pb_line_break_holder] --><\/p>\n<div class=\"badge badge-transparent\"><span class=\"km-icon-check\"><\/span>Usinage et assemblage complets<\/div>\n<p><!-- [et_pb_line_break_holder] --><\/p>\n<div class=\"badge badge-transparent\"><span class=\"km-icon-check\"><\/span>Flexibilit\u00e9 concernant les quantit\u00e9s et les d\u00e9lais de livraison<\/div>\n<p><!-- [et_pb_line_break_holder] --><\/p>\n<div class=\"badge badge-transparent\"><span class=\"km-icon-check\"><\/span>Gestion des stocks personnalis\u00e9e<\/div>\n<p><!-- [et_pb_line_break_holder] --><\/div>\n<p><!-- [et_pb_line_break_holder] -->[\/et_pb_code][\/et_pb_column][\/et_pb_row][\/et_pb_section][et_pb_section fb_built=&#8221;1&#8243; _builder_version=&#8221;4.24.0&#8243; _module_preset=&#8221;default&#8221; global_colors_info=&#8221;{}&#8221;][et_pb_row column_structure=&#8221;1_2,1_2&#8243; _builder_version=&#8221;4.24.2&#8243; _module_preset=&#8221;default&#8221; background_color=&#8221;gcid-febf38bc-a54e-4c6e-a664-06eb96b1f360&#8243; max_width=&#8221;1600px&#8221; custom_padding=&#8221;100px|50px|100px|50px|true|true&#8221; border_radii=&#8221;on|10px|10px|10px|10px&#8221; global_colors_info=&#8221;{%22gcid-febf38bc-a54e-4c6e-a664-06eb96b1f360%22:%91%22background_color%22%93}&#8221;][et_pb_column type=&#8221;1_2&#8243; _builder_version=&#8221;4.24.0&#8243; _module_preset=&#8221;default&#8221; custom_css_main_element=&#8221;margin:auto;&#8221; global_colors_info=&#8221;{}&#8221;][et_pb_text _builder_version=&#8221;4.24.2&#8243; _module_preset=&#8221;default&#8221; header_2_text_color=&#8221;#FFFFFF&#8221; custom_margin=&#8221;||20px||false|false&#8221; global_colors_info=&#8221;{}&#8221;]<\/p>\n<h2>Quand le design rencontre la fonction :<br \/>\nSolutions innovantes pour meubles et luminaires<\/h2>\n<p>[\/et_pb_text][et_pb_text _builder_version=&#8221;4.24.2&#8243; _module_preset=&#8221;default&#8221; header_3_text_color=&#8221;#FFFFFF&#8221; custom_margin_tablet=&#8221;||30px||false|false&#8221; custom_margin_phone=&#8221;&#8221; custom_margin_last_edited=&#8221;on|tablet&#8221; global_colors_info=&#8221;{}&#8221;]<\/p>\n<h3 class=\"km-icon-richter-aluminium-logo-mono\"><\/h3>\n<p>[\/et_pb_text][\/et_pb_column][et_pb_column type=&#8221;1_2&#8243; _builder_version=&#8221;4.24.0&#8243; _module_preset=&#8221;default&#8221; custom_css_main_element=&#8221;margin:auto;&#8221; global_colors_info=&#8221;{}&#8221;][et_pb_text _builder_version=&#8221;4.24.2&#8243; _module_preset=&#8221;default&#8221; text_text_color=&#8221;#FFFFFF&#8221; global_colors_info=&#8221;{}&#8221;]Chez Richter Aluminium, nous comprenons que le design r\u00e9ussi va au-del\u00e0 de la forme et de la couleur. La fonction et la facilit\u00e9 d&#8217;utilisation sont essentielles, surtout pour les articles fabriqu\u00e9s industriellement comme les luminaires et les meubles. Nous nous concentrons sur la cr\u00e9ation de produits esth\u00e9tiques et pratiques, qui allient harmonieusement design et convivialit\u00e9. Gr\u00e2ce \u00e0 nos solutions sp\u00e9cialis\u00e9es, nous r\u00e9pondons aux diverses exigences de la fabrication moderne de meubles et de mobilier de bureau.[\/et_pb_text][et_pb_text _builder_version=&#8221;4.24.2&#8243; _module_preset=&#8221;default&#8221; header_4_text_color=&#8221;gcid-c117c272-7899-4ce8-a659-2cda18adc83a&#8221; custom_css_free_form=&#8221;.logo-flex-row{||  display:flex;||  gap:20px;||  flex-wrap:wrap;|| justify-content:center;||  margin: 20px 0;||}&#8221; locked=&#8221;off&#8221; global_colors_info=&#8221;{%22gcid-c117c272-7899-4ce8-a659-2cda18adc83a%22:%91%22header_4_text_color%22%93}&#8221;]<\/p>\n<p style=\"text-align: left\">\n  <a href=\"https:\/\/www.richter-aluminium.com\/kontakt\/\" class=\"arrow-link\" style=\"color: #FFFFFF\">Demander maintenant<\/a>\n<\/p>\n<p>[\/et_pb_text][\/et_pb_column][\/et_pb_row][\/et_pb_section][et_pb_section fb_built=&#8221;1&#8243; _builder_version=&#8221;4.24.2&#8243; _module_preset=&#8221;default&#8221; custom_margin=&#8221;80px||||false|false&#8221; global_colors_info=&#8221;{}&#8221;][et_pb_row _builder_version=&#8221;4.24.2&#8243; _module_preset=&#8221;default&#8221; max_width=&#8221;1600px&#8221; global_colors_info=&#8221;{}&#8221;][et_pb_column type=&#8221;4_4&#8243; _builder_version=&#8221;4.24.2&#8243; _module_preset=&#8221;default&#8221; global_colors_info=&#8221;{}&#8221;][et_pb_text _builder_version=&#8221;4.24.2&#8243; _module_preset=&#8221;default&#8221; header_2_text_color=&#8221;gcid-febf38bc-a54e-4c6e-a664-06eb96b1f360&#8243; custom_margin=&#8221;||0px||false|false&#8221; global_colors_info=&#8221;{%22gcid-febf38bc-a54e-4c6e-a664-06eb96b1f360%22:%91%22header_2_text_color%22%93}&#8221;]<\/p>\n<h2 style=\"text-align: center\">Possibilit\u00e9s de fabrication de profil\u00e9s en aluminium<br \/>pour int\u00e9rieurs et meubles<\/h2>\n<p>[\/et_pb_text][\/et_pb_column][\/et_pb_row][et_pb_row _builder_version=&#8221;4.24.2&#8243; _module_preset=&#8221;default&#8221; max_width=&#8221;1600px&#8221; global_colors_info=&#8221;{}&#8221;][et_pb_column type=&#8221;4_4&#8243; _builder_version=&#8221;4.24.2&#8243; _module_preset=&#8221;default&#8221; global_colors_info=&#8221;{}&#8221;][et_pb_accordion module_class=&#8221;richter-aluminium-accordeon&#8221; _builder_version=&#8221;4.24.2&#8243; _module_preset=&#8221;default&#8221; global_colors_info=&#8221;{}&#8221;][et_pb_accordion_item title=&#8221;Meubles d&apos;habitation&#8221; open=&#8221;on&#8221; _builder_version=&#8221;4.24.2&#8243; _module_preset=&#8221;default&#8221; global_colors_info=&#8221;{}&#8221;]<\/p>\n<div class=\"badge-container\">\n<div class=\"badge badge-transparent\"><span class=\"km-icon-check\"><\/span>Profil\u00e9s de cadre<\/div>\n<div class=\"badge badge-transparent\"><span class=\"km-icon-check\"><\/span>Profil\u00e9s de poign\u00e9e<\/div>\n<div class=\"badge badge-transparent\"><span class=\"km-icon-check\"><\/span>Rails de guidage et de roulement<\/div>\n<div class=\"badge badge-transparent\"><span class=\"km-icon-check\"><\/span>Profil\u00e9s de bordure et de jonction<\/div>\n<div class=\"badge badge-transparent\"><span class=\"km-icon-check\"><\/span>Moulures d\u00e9coratives<\/div>\n<\/div>\n<p>[\/et_pb_accordion_item][et_pb_accordion_item title=&#8221;Mobilier de bureau&#8221; _builder_version=&#8221;4.24.2&#8243; _module_preset=&#8221;default&#8221; global_colors_info=&#8221;{}&#8221; open=&#8221;off&#8221;]<\/p>\n<div class=\"badge-container\">\n<div class=\"badge badge-transparent\"><span class=\"km-icon-check\"><\/span>Structures de meubles<\/div>\n<div class=\"badge badge-transparent\"><span class=\"km-icon-check\"><\/span>Profil\u00e9s de cadre<\/div>\n<div class=\"badge badge-transparent\"><span class=\"km-icon-check\"><\/span>Profil\u00e9s d&#8217;accoudoirs et de dossiers<\/div>\n<div class=\"badge badge-transparent\"><span class=\"km-icon-check\"><\/span>Pieds de table et de chaise<\/div>\n<div class=\"badge badge-transparent\"><span class=\"km-icon-check\"><\/span>Cadres photo<\/div>\n<\/div>\n<p>[\/et_pb_accordion_item][et_pb_accordion_item title=&#8221;Luminaires et \u00e9clairage&#8221; _builder_version=&#8221;4.24.2&#8243; _module_preset=&#8221;default&#8221; global_colors_info=&#8221;{}&#8221; open=&#8221;off&#8221;]<\/p>\n<div class=\"badge-container\">\n<div class=\"badge badge-transparent\"><span class=\"km-icon-check\"><\/span>Profil\u00e9s pour lampadaires<\/div>\n<div class=\"badge badge-transparent\"><span class=\"km-icon-check\"><\/span>Rails d&#8217;alimentation<\/div>\n<div class=\"badge badge-transparent\"><span class=\"km-icon-check\"><\/span>Profil\u00e9s LED en aluminium<\/div>\n<\/div>\n<p>[\/et_pb_accordion_item][et_pb_accordion_item title=&#8221;Am\u00e9nagement ext\u00e9rieur&#8221; _builder_version=&#8221;4.24.2&#8243; _module_preset=&#8221;default&#8221; global_colors_info=&#8221;{}&#8221; open=&#8221;off&#8221;]<\/p>\n<div class=\"badge-container\">\n<div class=\"badge badge-transparent\"><span class=\"km-icon-check\"><\/span>Profil\u00e9s de cl\u00f4ture et de garde-corps<\/div>\n<div class=\"badge badge-transparent\"><span class=\"km-icon-check\"><\/span>Escaliers, \u00e9chafaudages et \u00e9chelles<\/div>\n<div class=\"badge badge-transparent\"><span class=\"km-icon-check\"><\/span>Serre et jardin d&#8217;hiver<\/div>\n<\/div>\n<p>[\/et_pb_accordion_item][\/et_pb_accordion][\/et_pb_column][\/et_pb_row][\/et_pb_section][et_pb_section fb_built=&#8221;1&#8243; _builder_version=&#8221;4.24.2&#8243; _module_preset=&#8221;default&#8221; global_colors_info=&#8221;{}&#8221; theme_builder_area=&#8221;post_content&#8221;][et_pb_row _builder_version=&#8221;4.24.2&#8243; _module_preset=&#8221;default&#8221; max_width=&#8221;1600px&#8221; global_colors_info=&#8221;{}&#8221; theme_builder_area=&#8221;post_content&#8221;][et_pb_column type=&#8221;4_4&#8243; _builder_version=&#8221;4.24.2&#8243; _module_preset=&#8221;default&#8221; global_colors_info=&#8221;{}&#8221; theme_builder_area=&#8221;post_content&#8221;][et_pb_text _builder_version=&#8221;4.24.2&#8243; _module_preset=&#8221;default&#8221; header_2_text_color=&#8221;gcid-febf38bc-a54e-4c6e-a664-06eb96b1f360&#8243; custom_margin=&#8221;||0px||false|false&#8221; global_colors_info=&#8221;{%22gcid-febf38bc-a54e-4c6e-a664-06eb96b1f360%22:%91%22header_2_text_color%22%93}&#8221; theme_builder_area=&#8221;post_content&#8221;]<\/p>\n<h2 style=\"text-align: center\">Exemples d&#8217;application<\/h2>\n<p>[\/et_pb_text][et_pb_code _builder_version=&#8221;4.24.2&#8243; _module_preset=&#8221;default&#8221; hover_enabled=&#8221;0&#8243; global_colors_info=&#8221;{}&#8221; theme_builder_area=&#8221;post_content&#8221; sticky_enabled=&#8221;0&#8243;]<div id=\"vue-wordpress-app-bf8db77c-b816-4ae1-94ec-27eeb1f4b3f7\" data-app-url=\"https:\/\/www.richter-aluminium.com\" data-fcaptcha-sitekey=\"FCMHA65IB58DAAL4\" data-lang=\"fr\" data-component=\"application-example\" data-applicationexample=\"{&quot;branches&quot;:[&quot;innenraum &amp; m\u00f6bel&quot;]}\"><\/div>[\/et_pb_code][\/et_pb_column][\/et_pb_row][\/et_pb_section][et_pb_section fb_built=&#8221;1&#8243; _builder_version=&#8221;4.24.2&#8243; _module_preset=&#8221;default&#8221; custom_margin=&#8221;80px||||false|false&#8221; global_module=&#8221;1768&#8243; saved_tabs=&#8221;all&#8221; global_colors_info=&#8221;{}&#8221;][et_pb_row _builder_version=&#8221;4.24.2&#8243; _module_preset=&#8221;default&#8221; max_width=&#8221;1600px&#8221; global_colors_info=&#8221;{}&#8221;][et_pb_column type=&#8221;4_4&#8243; _builder_version=&#8221;4.24.2&#8243; _module_preset=&#8221;default&#8221; global_colors_info=&#8221;{}&#8221;][et_pb_text _builder_version=&#8221;4.24.2&#8243; _module_preset=&#8221;default&#8221; header_2_text_color=&#8221;gcid-febf38bc-a54e-4c6e-a664-06eb96b1f360&#8243; custom_margin=&#8221;||||false|false&#8221; global_colors_info=&#8221;{%22gcid-febf38bc-a54e-4c6e-a664-06eb96b1f360%22:%91%22header_2_text_color%22%93}&#8221;]<\/p>\n<h2 style=\"text-align: center\">Vous avez des questions&nbsp;? <br \/>N&#8217;h\u00e9sitez pas \u00e0 nous contacter.<\/h2>\n<p>[\/et_pb_text][et_pb_text _builder_version=&#8221;4.24.2&#8243; _module_preset=&#8221;default&#8221; header_4_text_color=&#8221;gcid-c117c272-7899-4ce8-a659-2cda18adc83a&#8221; custom_css_free_form=&#8221;.logo-flex-row{||  display:flex;||  gap:20px;||  flex-wrap:wrap;|| justify-content:center;||  margin: 20px 0;||}&#8221; global_colors_info=&#8221;{%22gcid-c117c272-7899-4ce8-a659-2cda18adc83a%22:%91%22header_4_text_color%22%93}&#8221;]<\/p>\n<p style=\"text-align: center\"><a href=\"https:\/\/www.richter-aluminium.com\/kontakt\/\" class=\"arrow-link\">Vers le contact<\/a><\/p>\n<p>[\/et_pb_text][\/et_pb_column][\/et_pb_row][\/et_pb_section]<\/p>\n","protected":false},"excerpt":{"rendered":"<p>Am\u00e9nagement int\u00e9rieur et mobilierNotre service sp\u00e9cial pour les fabricants et fournisseurs de l&#8217;industrie du meubleQuand le design rencontre la fonction : Solutions innovantes pour meubles et luminairesChez Richter Aluminium, nous comprenons que le design r\u00e9ussi va au-del\u00e0 de la forme et de la couleur. La fonction et la facilit\u00e9 d&#8217;utilisation sont essentielles, surtout pour les [&hellip;]<\/p>\n","protected":false},"author":1,"featured_media":2307,"parent":0,"menu_order":0,"comment_status":"closed","ping_status":"closed","template":"","meta":{"_acf_changed":false,"_et_pb_use_builder":"on","_et_pb_old_content":"","_et_gb_content_width":"","inline_featured_image":false,"footnotes":""},"class_list":["post-3701","page","type-page","status-publish","has-post-thumbnail","hentry"],"acf":[],"tag_names":[],"category_names":[],"thumbnail":"https:\/\/richteraluminium-19a5a.kxcdn.com\/wp-content\/uploads\/2024\/05\/kopfmedia_richter-aluminium_branchen-4.webp","_links":{"self":[{"href":"https:\/\/www.richter-aluminium.com\/fr\/wp-json\/wp\/v2\/pages\/3701","targetHints":{"allow":["GET"]}}],"collection":[{"href":"https:\/\/www.richter-aluminium.com\/fr\/wp-json\/wp\/v2\/pages"}],"about":[{"href":"https:\/\/www.richter-aluminium.com\/fr\/wp-json\/wp\/v2\/types\/page"}],"author":[{"embeddable":true,"href":"https:\/\/www.richter-aluminium.com\/fr\/wp-json\/wp\/v2\/users\/1"}],"replies":[{"embeddable":true,"href":"https:\/\/www.richter-aluminium.com\/fr\/wp-json\/wp\/v2\/comments?post=3701"}],"version-history":[{"count":4,"href":"https:\/\/www.richter-aluminium.com\/fr\/wp-json\/wp\/v2\/pages\/3701\/revisions"}],"predecessor-version":[{"id":3705,"href":"https:\/\/www.richter-aluminium.com\/fr\/wp-json\/wp\/v2\/pages\/3701\/revisions\/3705"}],"wp:featuredmedia":[{"embeddable":true,"href":"https:\/\/www.richter-aluminium.com\/fr\/wp-json\/wp\/v2\/media\/2307"}],"wp:attachment":[{"href":"https:\/\/www.richter-aluminium.com\/fr\/wp-json\/wp\/v2\/media?parent=3701"}],"curies":[{"name":"wp","href":"https:\/\/api.w.org\/{rel}","templated":true}]}}