{"id":3770,"date":"2024-02-29T10:50:17","date_gmt":"2024-02-29T09:50:17","guid":{"rendered":"https:\/\/www.richter-aluminium.com\/transformation\/"},"modified":"2025-09-08T11:14:55","modified_gmt":"2025-09-08T09:14:55","slug":"transformation","status":"publish","type":"page","link":"https:\/\/www.richter-aluminium.com\/fr\/transformation\/","title":{"rendered":"Transformation"},"content":{"rendered":"<p>[et_pb_section fb_built=&#8221;1&#8243; _builder_version=&#8221;4.24.2&#8243; _module_preset=&#8221;default&#8221; custom_margin=&#8221;||||false|false&#8221; global_colors_info=&#8221;{}&#8221;][et_pb_row _builder_version=&#8221;4.24.2&#8243; _module_preset=&#8221;default&#8221; max_width=&#8221;1600px&#8221; global_colors_info=&#8221;{}&#8221;][et_pb_column type=&#8221;4_4&#8243; _builder_version=&#8221;4.24.2&#8243; _module_preset=&#8221;default&#8221; global_colors_info=&#8221;{}&#8221;][et_pb_text _builder_version=&#8221;4.24.2&#8243; _module_preset=&#8221;default&#8221; header_text_color=&#8221;gcid-febf38bc-a54e-4c6e-a664-06eb96b1f360&#8243; custom_margin=&#8221;||0px||false|false&#8221; custom_padding=&#8221;50px||50px||true|false&#8221; custom_padding_tablet=&#8221;&#8221; custom_padding_phone=&#8221;&#8221; custom_padding_last_edited=&#8221;on|tablet&#8221; global_colors_info=&#8221;{%22gcid-febf38bc-a54e-4c6e-a664-06eb96b1f360%22:%91%22header_text_color%22%93}&#8221;]<\/p>\n<h1 style=\"text-align: center\">Transformation<\/h1>\n<p>[\/et_pb_text][et_pb_code _builder_version=&#8221;4.27.2&#8243; _module_preset=&#8221;default&#8221; background_enable_image=&#8221;off&#8221; background_video_mp4=&#8221;https:\/\/richteraluminium-19a5a.kxcdn.com\/wp-content\/uploads\/2024\/11\/richter-aluminium-header-video-v2.mp4&#8243; min_height=&#8221;500px&#8221; min_height_tablet=&#8221;300px&#8221; min_height_phone=&#8221;300px&#8221; min_height_last_edited=&#8221;on|tablet&#8221; border_radii=&#8221;on|10px|10px|10px|10px&#8221; global_colors_info=&#8221;{}&#8221;][\/et_pb_code][\/et_pb_column][\/et_pb_row][\/et_pb_section][et_pb_section fb_built=&#8221;1&#8243; _builder_version=&#8221;4.27.2&#8243; _module_preset=&#8221;default&#8221; custom_margin=&#8221;0px||||false|false&#8221; global_colors_info=&#8221;{}&#8221;][et_pb_row column_structure=&#8221;1_2,1_2&#8243; _builder_version=&#8221;4.24.2&#8243; _module_preset=&#8221;default&#8221; max_width=&#8221;1600px&#8221; global_colors_info=&#8221;{}&#8221;][et_pb_column type=&#8221;1_2&#8243; _builder_version=&#8221;4.24.2&#8243; _module_preset=&#8221;default&#8221; global_colors_info=&#8221;{}&#8221;][et_pb_text _builder_version=&#8221;4.24.2&#8243; _module_preset=&#8221;default&#8221; header_2_text_color=&#8221;gcid-febf38bc-a54e-4c6e-a664-06eb96b1f360&#8243; custom_margin=&#8221;||0px||false|false&#8221; global_colors_info=&#8221;{%22gcid-febf38bc-a54e-4c6e-a664-06eb96b1f360%22:%91%22header_2_text_color%22%93}&#8221;]<\/p>\n<h2>Transformation sur mesure pour les composants en aluminium<\/h2>\n<p>[\/et_pb_text][\/et_pb_column][et_pb_column type=&#8221;1_2&#8243; _builder_version=&#8221;4.24.2&#8243; _module_preset=&#8221;default&#8221; global_colors_info=&#8221;{}&#8221;][et_pb_text _builder_version=&#8221;4.27.2&#8243; _module_preset=&#8221;default&#8221; global_colors_info=&#8221;{}&#8221;]<\/p>\n<p>Nous offrons des solutions compl\u00e8tes pour la transformation de pi\u00e8ces complexes en aluminium. Notre gamme de services s&#8217;\u00e9tend des usinages m\u00e9caniques pr\u00e9cis tels que le poin\u00e7onnage, le per\u00e7age et le fraisage CNC, aux proc\u00e9d\u00e9s sp\u00e9cialis\u00e9s comme les scies \u00e0 onglet et les travaux de pliage. Avec notre scie de longueur fixe moderne, nous r\u00e9alisons des coupes pr\u00e9cises \u00e0 partir de 20 mm. De plus, nous d\u00e9veloppons des lignes d&#8217;assemblage et des machines sp\u00e9ciales sur mesure pour r\u00e9pondre aux exigences sp\u00e9cifiques de nos clients. Notre objectif est de vous offrir une gamme compl\u00e8te de proc\u00e9d\u00e9s de post-traitement de haute qualit\u00e9 \u00e0 partir d&#8217;une seule source, afin de maximiser l&#8217;efficacit\u00e9 de vos projets et de garantir les normes de qualit\u00e9 les plus \u00e9lev\u00e9es.   <\/p>\n<p>[\/et_pb_text][\/et_pb_column][\/et_pb_row][\/et_pb_section][et_pb_section fb_built=&#8221;1&#8243; _builder_version=&#8221;4.24.0&#8243; _module_preset=&#8221;default&#8221; global_colors_info=&#8221;{}&#8221;][et_pb_row column_structure=&#8221;1_2,1_2&#8243; _builder_version=&#8221;4.24.2&#8243; _module_preset=&#8221;default&#8221; background_color=&#8221;gcid-febf38bc-a54e-4c6e-a664-06eb96b1f360&#8243; max_width=&#8221;1600px&#8221; custom_padding=&#8221;100px|50px|100px|50px|true|true&#8221; border_radii=&#8221;on|10px|10px|10px|10px&#8221; global_colors_info=&#8221;{%22gcid-febf38bc-a54e-4c6e-a664-06eb96b1f360%22:%91%22background_color%22%93}&#8221;][et_pb_column type=&#8221;1_2&#8243; _builder_version=&#8221;4.24.0&#8243; _module_preset=&#8221;default&#8221; custom_css_main_element=&#8221;margin:auto;&#8221; global_colors_info=&#8221;{}&#8221;][et_pb_text _builder_version=&#8221;4.24.2&#8243; _module_preset=&#8221;default&#8221; header_2_text_color=&#8221;#FFFFFF&#8221; custom_margin=&#8221;||20px||false|false&#8221; global_colors_info=&#8221;{}&#8221;]<\/p>\n<h2>Experts en transformation de l&#8217;aluminium<\/h2>\n<p>[\/et_pb_text][et_pb_text _builder_version=&#8221;4.24.2&#8243; _module_preset=&#8221;default&#8221; header_3_text_color=&#8221;#FFFFFF&#8221; custom_margin_tablet=&#8221;||30px||false|false&#8221; custom_margin_phone=&#8221;&#8221; custom_margin_last_edited=&#8221;on|tablet&#8221; global_colors_info=&#8221;{}&#8221;]<\/p>\n<h3 class=\"km-icon-richter-aluminium-logo-mono\"><\/h3>\n<p>[\/et_pb_text][\/et_pb_column][et_pb_column type=&#8221;1_2&#8243; _builder_version=&#8221;4.24.0&#8243; _module_preset=&#8221;default&#8221; custom_css_main_element=&#8221;margin:auto;&#8221; global_colors_info=&#8221;{}&#8221;][et_pb_text _builder_version=&#8221;4.27.2&#8243; _module_preset=&#8221;default&#8221; text_text_color=&#8221;#FFFFFF&#8221; global_colors_info=&#8221;{}&#8221;]<\/p>\n<p>Nous nous distinguons par notre expertise dans la transformation de l&#8217;aluminium. Nous ma\u00eetrisons aussi bien les proc\u00e9d\u00e9s de pr\u00e9cision tels que le fraisage CNC, le per\u00e7age et les travaux de pliage que le d\u00e9veloppement de solutions sur mesure, y compris les machines sp\u00e9ciales et les lignes d&#8217;assemblage. Notre ambition est de garantir la qualit\u00e9 et l&#8217;efficacit\u00e9 dans chaque projet.  <\/p>\n<p>[\/et_pb_text][et_pb_text _builder_version=&#8221;4.27.2&#8243; _module_preset=&#8221;default&#8221; header_4_text_color=&#8221;gcid-c117c272-7899-4ce8-a659-2cda18adc83a&#8221; hover_enabled=&#8221;0&#8243; custom_css_free_form=&#8221;.logo-flex-row{||  display:flex;||  gap:20px;||  flex-wrap:wrap;|| justify-content:center;||  margin: 20px 0;||}&#8221; locked=&#8221;off&#8221; global_colors_info=&#8221;{%22gcid-c117c272-7899-4ce8-a659-2cda18adc83a%22:%91%22header_4_text_color%22%93}&#8221; sticky_enabled=&#8221;0&#8243;]<\/p>\n<p style=\"text-align: left\">\n  <a href=\"https:\/\/www.richter-aluminium.com\/fr\/contact\/\" class=\"arrow-link ra-navigation-link white-bg\"><br \/>\n<span>Demander maintenant<\/span><br \/>\n<span class=\"km-icon-arrow-small-right\"><\/span><br \/>\n<\/a>\n<\/p>\n<p>[\/et_pb_text][\/et_pb_column][\/et_pb_row][\/et_pb_section][et_pb_section fb_built=&#8221;1&#8243; _builder_version=&#8221;4.27.2&#8243; _module_preset=&#8221;default&#8221; custom_margin=&#8221;0px||||false|false&#8221; custom_padding=&#8221;40px||0px||false|false&#8221; global_colors_info=&#8221;{}&#8221;][et_pb_row column_structure=&#8221;1_2,1_2&#8243; _builder_version=&#8221;4.24.2&#8243; _module_preset=&#8221;default&#8221; max_width=&#8221;1600px&#8221; global_colors_info=&#8221;{}&#8221;][et_pb_column type=&#8221;1_2&#8243; _builder_version=&#8221;4.24.2&#8243; _module_preset=&#8221;default&#8221; global_colors_info=&#8221;{}&#8221;][et_pb_text _builder_version=&#8221;4.24.2&#8243; _module_preset=&#8221;default&#8221; header_2_text_color=&#8221;gcid-febf38bc-a54e-4c6e-a664-06eb96b1f360&#8243; custom_margin=&#8221;||0px||false|false&#8221; global_colors_info=&#8221;{%22gcid-febf38bc-a54e-4c6e-a664-06eb96b1f360%22:%91%22header_2_text_color%22%93}&#8221;]<\/p>\n<h2>Divers proc\u00e9d\u00e9s de transformation m\u00e9canique<\/h2>\n<p>[\/et_pb_text][\/et_pb_column][et_pb_column type=&#8221;1_2&#8243; _builder_version=&#8221;4.24.2&#8243; _module_preset=&#8221;default&#8221; global_colors_info=&#8221;{}&#8221;][et_pb_text _builder_version=&#8221;4.27.2&#8243; _module_preset=&#8221;default&#8221; global_colors_info=&#8221;{}&#8221;]<\/p>\n<p>Notre gamme de prestations dans le domaine de la transformation m\u00e9canique comprend une multitude de proc\u00e9d\u00e9s pour l&#8217;usinage pr\u00e9cis de l&#8217;aluminium. Cela comprend le poin\u00e7onnage, le per\u00e7age et le fraisage CNC pour les g\u00e9om\u00e9tries complexes, ainsi que les scies \u00e0 onglet et de longueur fixe pour les coupes sur mesure. De plus, nous proposons des travaux de montage sp\u00e9cialis\u00e9s, y compris le d\u00e9veloppement de machines sp\u00e9ciales et de lignes d&#8217;assemblage. Notre service est compl\u00e9t\u00e9 par l&#8217;insertion de jonc, des travaux de pliage professionnels et des travaux de soudure, afin de garantir une qualit\u00e9 de produit maximale.   <\/p>\n<p>[\/et_pb_text][\/et_pb_column][\/et_pb_row][et_pb_row _builder_version=&#8221;4.24.2&#8243; _module_preset=&#8221;default&#8221; max_width=&#8221;1600px&#8221; global_colors_info=&#8221;{}&#8221;][et_pb_column type=&#8221;4_4&#8243; _builder_version=&#8221;4.24.2&#8243; _module_preset=&#8221;default&#8221; global_colors_info=&#8221;{}&#8221;][et_pb_code _builder_version=&#8221;4.24.2&#8243; _module_preset=&#8221;default&#8221; custom_margin=&#8221;||||false|false&#8221; global_colors_info=&#8221;{}&#8221;]<\/p>\n<div class=\"badge-container\"><!-- [et_pb_line_break_holder] -->    <\/p>\n<div class=\"badge badge-transparent\"><!-- [et_pb_line_break_holder] -->        <span class=\"km-icon-check\"><\/span><!-- [et_pb_line_break_holder] -->        <span>Poin\u00e7onnage<\/span><!-- [et_pb_line_break_holder] -->    <\/div>\n<p><!-- [et_pb_line_break_holder] -->    <\/p>\n<div class=\"badge badge-transparent\"><!-- [et_pb_line_break_holder] -->        <span class=\"km-icon-check\"><\/span><!-- [et_pb_line_break_holder] -->        <span>Per\u00e7age<\/span><!-- [et_pb_line_break_holder] -->    <\/div>\n<p><!-- [et_pb_line_break_holder] -->    <\/p>\n<div class=\"badge badge-transparent\"><!-- [et_pb_line_break_holder] -->        <span class=\"km-icon-check\"><\/span><!-- [et_pb_line_break_holder] -->        <span>Fraisage CNC<\/span><!-- [et_pb_line_break_holder] -->    <\/div>\n<p><!-- [et_pb_line_break_holder] -->    <\/p>\n<div class=\"badge badge-transparent\"><!-- [et_pb_line_break_holder] -->        <span class=\"km-icon-check\"><\/span><!-- [et_pb_line_break_holder] -->        <span>Scies \u00e0 onglet<\/span><!-- [et_pb_line_break_holder] -->    <\/div>\n<p><!-- [et_pb_line_break_holder] -->    <\/p>\n<div class=\"badge badge-transparent\"><!-- [et_pb_line_break_holder] -->        <span class=\"km-icon-check\"><\/span><!-- [et_pb_line_break_holder] -->        <span>Scie de longueur fixe (\u00e0 partir de 20 mm)<\/span><!-- [et_pb_line_break_holder] -->    <\/div>\n<p><!-- [et_pb_line_break_holder] -->    <\/p>\n<div class=\"badge badge-transparent\"><!-- [et_pb_line_break_holder] -->        <span class=\"km-icon-check\"><\/span><!-- [et_pb_line_break_holder] -->        <span>Travaux de montage<\/span><!-- [et_pb_line_break_holder] -->    <\/div>\n<p><!-- [et_pb_line_break_holder] -->    <\/p>\n<div class=\"badge badge-transparent\"><!-- [et_pb_line_break_holder] -->        <span class=\"km-icon-check\"><\/span><!-- [et_pb_line_break_holder] -->        <span>Insertion de jonc<\/span><!-- [et_pb_line_break_holder] -->    <\/div>\n<p><!-- [et_pb_line_break_holder] -->    <\/p>\n<div class=\"badge badge-transparent\"><!-- [et_pb_line_break_holder] -->        <span class=\"km-icon-check\"><\/span><!-- [et_pb_line_break_holder] -->        <span>Travaux de pliage<\/span><!-- [et_pb_line_break_holder] -->    <\/div>\n<p><!-- [et_pb_line_break_holder] -->    <\/p>\n<div class=\"badge badge-transparent\"><!-- [et_pb_line_break_holder] -->        <span class=\"km-icon-check\"><\/span><!-- [et_pb_line_break_holder] -->        <span>Travaux de soudure<\/span><!-- [et_pb_line_break_holder] -->    <\/div>\n<p><!-- [et_pb_line_break_holder] --><\/div>\n<p><!-- [et_pb_line_break_holder] -->[\/et_pb_code][\/et_pb_column][\/et_pb_row][et_pb_row column_structure=&#8221;1_3,1_3,1_3&#8243; _builder_version=&#8221;4.24.2&#8243; _module_preset=&#8221;default&#8221; max_width=&#8221;1600px&#8221; global_colors_info=&#8221;{}&#8221;][et_pb_column type=&#8221;1_3&#8243; _builder_version=&#8221;4.24.2&#8243; _module_preset=&#8221;default&#8221; global_colors_info=&#8221;{}&#8221;][et_pb_image src=&#8221;https:\/\/richteraluminium-19a5a.kxcdn.com\/wp-content\/uploads\/2024\/04\/kopfmedia_richter_aluminium-4078.webp&#8221; title_text=&#8221;kopfmedia_richter_aluminium-4078&#8243; module_class=&#8221;pa-image-1-1&#8243; _builder_version=&#8221;4.24.2&#8243; _module_preset=&#8221;default&#8221; border_radii=&#8221;on|10px|10px|10px|10px&#8221; global_colors_info=&#8221;{}&#8221;][\/et_pb_image][\/et_pb_column][et_pb_column type=&#8221;1_3&#8243; _builder_version=&#8221;4.24.2&#8243; _module_preset=&#8221;default&#8221; global_colors_info=&#8221;{}&#8221;][et_pb_image src=&#8221;https:\/\/richteraluminium-19a5a.kxcdn.com\/wp-content\/uploads\/2024\/04\/kopfmedia_richter_aluminium-4732.webp&#8221; alt=&#8221;Employ\u00e9s de l&#039;entreprise Richter Aluminium dans la transformation&#8221; title_text=&#8221;kopfmedia_richter_aluminium-4732&#8243; module_class=&#8221;pa-image-1-1&#8243; _builder_version=&#8221;4.27.2&#8243; _module_preset=&#8221;default&#8221; border_radii=&#8221;on|10px|10px|10px|10px&#8221; global_colors_info=&#8221;{}&#8221;][\/et_pb_image][\/et_pb_column][et_pb_column type=&#8221;1_3&#8243; _builder_version=&#8221;4.24.2&#8243; _module_preset=&#8221;default&#8221; global_colors_info=&#8221;{}&#8221;][et_pb_image src=&#8221;https:\/\/richteraluminium-19a5a.kxcdn.com\/wp-content\/uploads\/2024\/04\/kopfmedia_richter_aluminium-4576.webp&#8221; alt=&#8221;Employ\u00e9s de l&#039;entreprise Richter Aluminium dans la transformation&#8221; title_text=&#8221;kopfmedia_richter_aluminium-4576&#8243; module_class=&#8221;pa-image-1-1&#8243; _builder_version=&#8221;4.27.2&#8243; _module_preset=&#8221;default&#8221; border_radii=&#8221;on|10px|10px|10px|10px&#8221; global_colors_info=&#8221;{}&#8221;][\/et_pb_image][\/et_pb_column][\/et_pb_row][\/et_pb_section][et_pb_section fb_built=&#8221;1&#8243; _builder_version=&#8221;4.27.2&#8243; _module_preset=&#8221;default&#8221; custom_margin=&#8221;0px||||false|false&#8221; global_module=&#8221;1768&#8243; saved_tabs=&#8221;all&#8221; global_colors_info=&#8221;{}&#8221;][et_pb_row _builder_version=&#8221;4.24.2&#8243; _module_preset=&#8221;default&#8221; max_width=&#8221;1600px&#8221; global_colors_info=&#8221;{}&#8221;][et_pb_column type=&#8221;4_4&#8243; _builder_version=&#8221;4.24.2&#8243; _module_preset=&#8221;default&#8221; global_colors_info=&#8221;{}&#8221;][et_pb_text _builder_version=&#8221;4.24.2&#8243; _module_preset=&#8221;default&#8221; header_2_text_color=&#8221;gcid-febf38bc-a54e-4c6e-a664-06eb96b1f360&#8243; custom_margin=&#8221;||||false|false&#8221; global_colors_info=&#8221;{%22gcid-febf38bc-a54e-4c6e-a664-06eb96b1f360%22:%91%22header_2_text_color%22%93}&#8221;]<\/p>\n<h2 style=\"text-align: center\">Vous avez des questions&nbsp;? <br \/>N&#8217;h\u00e9sitez pas \u00e0 nous contacter.<\/h2>\n<p>[\/et_pb_text][et_pb_text _builder_version=&#8221;4.27.2&#8243; _module_preset=&#8221;default&#8221; header_4_text_color=&#8221;gcid-c117c272-7899-4ce8-a659-2cda18adc83a&#8221; custom_css_free_form=&#8221;.logo-flex-row{||  display:flex;||  gap:20px;||  flex-wrap:wrap;|| justify-content:center;||  margin: 20px 0;||}&#8221; global_colors_info=&#8221;{%22gcid-c117c272-7899-4ce8-a659-2cda18adc83a%22:%91%22header_4_text_color%22%93}&#8221;]<\/p>\n<p style=\"text-align: center\">\n<a href=\"https:\/\/www.richter-aluminium.com\/fr\/contact\/\" class=\"arrow-link ra-navigation-link blue-bg\"><br \/><span>Vers le contact<\/span><br \/><span class=\"km-icon-arrow-small-right\"><\/span><br \/><\/a>\n<\/p>\n<p>[\/et_pb_text][\/et_pb_column][\/et_pb_row][\/et_pb_section]<\/p>\n","protected":false},"excerpt":{"rendered":"<p>TransformationTransformation sur mesure pour les composants en aluminiumNous offrons des solutions compl\u00e8tes pour la transformation de pi\u00e8ces complexes en aluminium. Notre gamme de services s&#8217;\u00e9tend des usinages m\u00e9caniques pr\u00e9cis tels que le poin\u00e7onnage, le per\u00e7age et le fraisage CNC, aux proc\u00e9d\u00e9s sp\u00e9cialis\u00e9s comme les scies \u00e0 onglet et les travaux de pliage. Avec notre scie [&hellip;]<\/p>\n","protected":false},"author":1,"featured_media":0,"parent":0,"menu_order":0,"comment_status":"closed","ping_status":"closed","template":"","meta":{"_acf_changed":false,"_et_pb_use_builder":"on","_et_pb_old_content":"","_et_gb_content_width":"","inline_featured_image":false,"footnotes":""},"class_list":["post-3770","page","type-page","status-publish","hentry"],"acf":[],"tag_names":[],"category_names":[],"thumbnail":false,"_links":{"self":[{"href":"https:\/\/www.richter-aluminium.com\/fr\/wp-json\/wp\/v2\/pages\/3770","targetHints":{"allow":["GET"]}}],"collection":[{"href":"https:\/\/www.richter-aluminium.com\/fr\/wp-json\/wp\/v2\/pages"}],"about":[{"href":"https:\/\/www.richter-aluminium.com\/fr\/wp-json\/wp\/v2\/types\/page"}],"author":[{"embeddable":true,"href":"https:\/\/www.richter-aluminium.com\/fr\/wp-json\/wp\/v2\/users\/1"}],"replies":[{"embeddable":true,"href":"https:\/\/www.richter-aluminium.com\/fr\/wp-json\/wp\/v2\/comments?post=3770"}],"version-history":[{"count":4,"href":"https:\/\/www.richter-aluminium.com\/fr\/wp-json\/wp\/v2\/pages\/3770\/revisions"}],"predecessor-version":[{"id":3774,"href":"https:\/\/www.richter-aluminium.com\/fr\/wp-json\/wp\/v2\/pages\/3770\/revisions\/3774"}],"wp:attachment":[{"href":"https:\/\/www.richter-aluminium.com\/fr\/wp-json\/wp\/v2\/media?parent=3770"}],"curies":[{"name":"wp","href":"https:\/\/api.w.org\/{rel}","templated":true}]}}